{"id":700,"date":"2017-01-30T20:40:44","date_gmt":"2017-01-31T00:40:44","guid":{"rendered":"http:\/\/zhidmad.gob.ec\/azuay\/?page_id=700"},"modified":"2018-04-24T17:41:56","modified_gmt":"2018-04-24T21:41:56","slug":"rendicion-de-cuentas-2017","status":"publish","type":"page","link":"https:\/\/zhidmad.gob.ec\/azuay\/rendicion-de-cuentas-2017\/","title":{"rendered":"Rendici\u00f3n de Cuentas 2017"},"content":{"rendered":"<p><a href=\"http:\/\/zhidmad.gob.ec\/azuay\/wp-content\/uploads\/2016\/03\/NOMBRAR-AL-CONSEJO-DE-PARTICIPACION-CIUDADANA-1.pdf\">NOMBRAMIENTO\u00a0 DEL CONSEJO DE PARTICIPACION CIUDADANA<\/a><\/p>\n<p><a href=\"http:\/\/zhidmad.gob.ec\/azuay\/wp-content\/uploads\/2017\/01\/Resoluci\u00f3n-Designacion-Equipo-e-Inicio-de-proceso.pdf\">Resoluci\u00f3n Designacion Equipo e Inicio de proceso<\/a><\/p>\n<p><a href=\"http:\/\/zhidmad.gob.ec\/azuay\/wp-content\/uploads\/2017\/01\/Convovatoria-iniciar-el-proceso-de-Rendici\u00f3n-de-Cuentas.pdf\">Convovatoria iniciar el proceso de Rendici\u00f3n de Cuentas<\/a><\/p>\n<p><a href=\"http:\/\/zhidmad.gob.ec\/azuay\/wp-content\/uploads\/2017\/01\/Acta-reunion-03-de-febrero.pdf\">Acta reunion Designacion del Lider Ciudadano 03 de febrero<\/a><\/p>\n<p><a href=\"http:\/\/zhidmad.gob.ec\/azuay\/wp-content\/uploads\/2017\/01\/Acta-reunion-06-de-febrero.pdf\">Acta reunion de trabajo\u00a0 06 de febrero<\/a><\/p>\n<p><a href=\"http:\/\/zhidmad.gob.ec\/azuay\/wp-content\/uploads\/2017\/01\/Acta-reunion-16-de-febrero.pdf\">Acta reunion de trabajo 16 de febrero<\/a><\/p>\n<p><a href=\"http:\/\/zhidmad.gob.ec\/azuay\/wp-content\/uploads\/2017\/01\/convocatoria-revision-informe.pdf\">convocatoria revision informe<\/a><\/p>\n<p><a href=\"http:\/\/zhidmad.gob.ec\/azuay\/wp-content\/uploads\/2017\/01\/Oficio-entrega-del-informe-de-Rendicion-de-cuentas-L\u00edder-Ciudadano.pdf\">Oficio entrega informe Rendicion de cuentas L\u00edder Ciudadano<\/a><\/p>\n<p><a href=\"http:\/\/zhidmad.gob.ec\/azuay\/wp-content\/uploads\/2017\/01\/acta-aprobacion-Informe-Narrativo.pdf\">Acta aprobacion Informe Narrativo<\/a><\/p>\n<p><a href=\"http:\/\/zhidmad.gob.ec\/azuay\/wp-content\/uploads\/2017\/01\/Resoluci\u00f3n-de-aprbaci\u00f3n-del-informe-de-Rendici\u00f3n-de-cuentas.pdf\">Resoluci\u00f3n de aprbaci\u00f3n del informe de Rendici\u00f3n de cuentas<\/a><\/p>\n<p><a href=\"http:\/\/zhidmad.gob.ec\/azuay\/wp-content\/uploads\/2017\/01\/Invitaci\u00f3n-rendici\u00f3-de-cuentas-2017.pdf\">Invitaci\u00f3n rendici\u00f3n de cuentas 2017<\/a><\/p>\n<p><a href=\"http:\/\/zhidmad.gob.ec\/azuay\/wp-content\/uploads\/2017\/01\/Lista-de-invitados-a-la-Rendici\u00f3n-de-cuentas-1.pdf\">Lista de invitados a la Rendici\u00f3n de cuentas<\/a><\/p>\n<p><a href=\"http:\/\/zhidmad.gob.ec\/azuay\/wp-content\/uploads\/2017\/01\/REGISTRO-DE-ASISTENCIA.pdf\">REGISTRO DE ASISTENCIA A EVENTO PUBLICO RC<\/a><\/p>\n<p><a href=\"http:\/\/zhidmad.gob.ec\/azuay\/wp-content\/uploads\/2017\/01\/ZHIDMAD-RENDICION-DE-CUENTAS-FINAL-DEL-A\u00d1O-2017-2018-21-03-2018.pdf\">INFORME DE RENDICI<\/a><a href=\"http:\/\/zhidmad.gob.ec\/azuay\/wp-content\/uploads\/2017\/01\/ZHIDMAD-RENDICION-DE-CUENTAS-FINAL-DEL-A\u00d1O-2017-2018-21-03-2018.pdf\">ON DE CUENTAS DEL A\u00d1O 2017<\/a><\/p>\n<p><a href=\"http:\/\/zhidmad.gob.ec\/azuay\/wp-content\/uploads\/2017\/01\/ACTA-DE-ENTREGA-RECEPCION-REFORESTACI\u00d3N-DE-GUAYAN.pdf\">ACTA DE ENTREGA RECEPCION REFORESTACI\u00d3N DE GUAYAN<\/a><\/p>\n<p><a href=\"http:\/\/zhidmad.gob.ec\/azuay\/wp-content\/uploads\/2017\/01\/ACTA-ENTREGA-RECEPCION-2017-COMUNIDADES.pdf\">ACTA ENTREGA RECEPCION 2017 (COMUNIDADES)<\/a><\/p>\n<p><a href=\"http:\/\/zhidmad.gob.ec\/azuay\/wp-content\/uploads\/2017\/01\/ACTA-ENTREGA-RECEPCION-ADQUISICI\u00d3N-DE-JUEGOS-INFANTILES.pdf\">ACTA ENTREGA RECEPCION ADQUISICI\u00d3N DE JUEGOS INFANTILES<\/a><\/p>\n<p><a href=\"http:\/\/zhidmad.gob.ec\/azuay\/wp-content\/uploads\/2017\/01\/Acta-entrega-recepcion-unica-para-implementaci\u00f3n-de-Huertos-Agroecologicos.pdf\">Acta entrega recepcion unica para implementaci\u00f3n de Huertos Agroecologicos<\/a><\/p>\n<p><a href=\"http:\/\/zhidmad.gob.ec\/azuay\/wp-content\/uploads\/2017\/01\/CONTRATO-ADQUISICION-DE-PLANTAS-HUERTOS-AGRECOLOGICOS.pdf\">CONTRATO ADQUISICION DE PLANTAS HUERTOS AGRECOLOGICOS<\/a><\/p>\n<p><a href=\"http:\/\/zhidmad.gob.ec\/azuay\/wp-content\/uploads\/2017\/01\/contrato-servicios-profesionales-huertos-agroecologicos.pdf\">contrato servicios profesionales (huertos agroecologicos)<\/a><\/p>\n<p><a href=\"http:\/\/zhidmad.gob.ec\/azuay\/wp-content\/uploads\/2017\/01\/ACTA-RECEPCION-CAMINO-RUMICHACA.pdf\">ACTA RECEPCION CAMINO RUMICHACA<\/a><\/p>\n<p><a href=\"http:\/\/zhidmad.gob.ec\/azuay\/wp-content\/uploads\/2017\/01\/ACTA-REUNION-CON-LA-JEFA-POLITICA.pdf\">ACTA REUNION NSTANCIA DE PARTICIPACION<\/a><\/p>\n<p><a href=\"http:\/\/zhidmad.gob.ec\/azuay\/wp-content\/uploads\/2017\/01\/CONTRATO-REHABILITACION-CAMINO-RUMICHACA.pdf\">CONTRATO REHABILITACION CAMINO RUMICHACA<\/a><\/p>\n<p><a href=\"http:\/\/zhidmad.gob.ec\/azuay\/wp-content\/uploads\/2017\/01\/CONVENIO-A-NIVEL-DE-CAPETA-ASFALTICA-sANTA-ANA-ZHIDMAD.pdf\">CONVENIO A NIVEL DE CAPETA ASFALTICA sANTA ANA-ZHIDMAD<\/a><\/p>\n<p><a href=\"http:\/\/zhidmad.gob.ec\/azuay\/wp-content\/uploads\/2017\/01\/CONVENIO-FOMENTO-A-LA-CULTURA-DANZA.pdf\">CONVENIO FOMENTO A LA CULTURA DANZA<\/a><\/p>\n<p><a href=\"http:\/\/zhidmad.gob.ec\/azuay\/wp-content\/uploads\/2017\/01\/INFORME-FINAL-CONVENIO-ADULTO-MAYOR.pdf\">INFORME FINAL CONVENIO ADULTO MAYOR<\/a><\/p>\n<p><a href=\"http:\/\/zhidmad.gob.ec\/azuay\/wp-content\/uploads\/2017\/01\/OFICIO-AGENCIAS-NACIONAL-DE-TRANSITO.pdf\">OFICIO AGENCIAS NACIONAL DE TRANSITO<\/a><\/p>\n<p><a href=\"http:\/\/zhidmad.gob.ec\/azuay\/wp-content\/uploads\/2017\/01\/oficio-gestion-de-riesgos.pdf\">GESTION DE RIEGOS\u00a0<\/a><\/p>\n<p><a href=\"http:\/\/zhidmad.gob.ec\/azuay\/wp-content\/uploads\/2017\/01\/CAPACITACION-PRODUCCION-LIDERAZGO.pdf\">CAPACITACION PRODUCCION LIDERAZGO<\/a><\/p>\n<p><a href=\"http:\/\/zhidmad.gob.ec\/azuay\/wp-content\/uploads\/2017\/01\/ACTA-DEFINITIVA-MANTENIMIENTO-VIAL-TASA-SOLIDARIA.pdf\">ACTA DEFINITIVA MANTENIMIENTO VIAL TASA SOLIDARIA2016<\/a><\/p>\n<p><a href=\"http:\/\/zhidmad.gob.ec\/azuay\/wp-content\/uploads\/2017\/01\/ACTA-PRESUPUESTO.pdf\">ACTA PRESUPUESTO PARTICIPATIVO 2017<\/a><\/p>\n<p><a href=\"http:\/\/zhidmad.gob.ec\/azuay\/wp-content\/uploads\/2017\/01\/ACTA-REUNION-DE-REVISI\u00d3N-DEL-INFORME-DE-RENDICI\u00d3N-DE-CUENTAS.pdf\">ACTA\u00a0 REVISI\u00d3N DEL INFORME DE RENDICI\u00d3N DE CUENTAS 2017<\/a><\/p>\n<p><a href=\"http:\/\/zhidmad.gob.ec\/azuay\/wp-content\/uploads\/2017\/01\/Consulta-ciudadanas.pdf\">CONSULTA CIUDADANA\u00a0<\/a><\/p>\n<p><a href=\"http:\/\/zhidmad.gob.ec\/azuay\/wp-content\/uploads\/2017\/01\/ACTA-DE-COMPROMISOS.pdf\">ACTA DE COMPROMISOS<\/a><\/p>\n<p><a href=\"http:\/\/zhidmad.gob.ec\/azuay\/wp-content\/uploads\/2017\/01\/ACTA-DE-ENTREGA-DE-GALLINAS-DE-POSTURA.pdf\">ACTA DE ENTREGA DE GALLINAS DE POSTURA<\/a><\/p>\n<p><a href=\"http:\/\/zhidmad.gob.ec\/azuay\/wp-content\/uploads\/2017\/01\/ACTA-DE-ENTREGA-RECEPCION-CARRO-BOMBERIL.pdf\">ACTA DE ENTREGA RECEPCION CARRO BOMBERIL<\/a><\/p>\n<p><a href=\"http:\/\/zhidmad.gob.ec\/azuay\/wp-content\/uploads\/2017\/01\/ACTA-RENDICION-DE-CUENTAS.pdf\">ACTA RENDICION DE CUENTAS<\/a><\/p>\n<p><a href=\"http:\/\/zhidmad.gob.ec\/azuay\/wp-content\/uploads\/2017\/01\/ACTA-UNICA-CANCHA-DE-CHICO-LALCOTE.pdf\">ACTA UNICA CANCHA DE CHICO LALCOTE<\/a><\/p>\n<p><a href=\"http:\/\/zhidmad.gob.ec\/azuay\/wp-content\/uploads\/2017\/01\/INFORME-GESTION-RIESGOS.pdf\">INFORME GESTION RIESGOS<\/a><\/p>\n<p><a href=\"http:\/\/zhidmad.gob.ec\/azuay\/wp-content\/uploads\/2017\/01\/ACTAS-A\u00d1O-2017-1.pdf\">ACTAS A\u00d1O 2017<\/a><\/p>\n<p><a href=\"http:\/\/zhidmad.gob.ec\/azuay\/wp-content\/uploads\/2017\/01\/CONVENIO_CONSORCIO_ZHIDMAD-borrador-2018.docx\">CONVENIO CONSORCIO_ZHIDMAD borrador 2018<\/a><\/p>\n<p><a href=\"http:\/\/zhidmad.gob.ec\/azuay\/wp-content\/uploads\/2017\/01\/ACTA-UNICA-ARQ.-SANDRA-SARANGO.pdf\">ACTA UNICA PROYECTO EQUIPAMIENTO COMUNITARIO<\/a><\/p>\n<p><a href=\"http:\/\/zhidmad.gob.ec\/azuay\/wp-content\/uploads\/2017\/01\/ACTAS-CONTRATACI\u00d2N-DE-RETROEXCAVADORA.pdf\">ACTAS CONTRATACI\u00d2N DE RETROEXCAVADORA<\/a><\/p>\n<p><a href=\"http:\/\/zhidmad.gob.ec\/azuay\/wp-content\/uploads\/2017\/01\/AUDIENCIAS-2017.pdf\">AUDIENCIAS 2017<\/a><\/p>\n<p><a href=\"http:\/\/zhidmad.gob.ec\/azuay\/wp-content\/uploads\/2017\/01\/PROYECTO-ANIVERSARIO-PARROQUIAL-2017.pdf\">PROYECTO ANIVERSARIO PARROQUIAL 2017<\/a><\/p>\n<p><a href=\"http:\/\/zhidmad.gob.ec\/azuay\/wp-content\/uploads\/2017\/01\/PROYECTO-COLONIA-VACACIONAL-2017.pdf\">PROYECTO COLONIA VACACIONAL 2017<\/a><\/p>\n<p><a href=\"http:\/\/zhidmad.gob.ec\/azuay\/wp-content\/uploads\/2017\/01\/TRIPTICO-CAPACITACION-AMBIENTAL.pdf\">TRIPTICO CAPACITACION AMBIENTAL<\/a><\/p>\n<p><a href=\"http:\/\/zhidmad.gob.ec\/azuay\/wp-content\/uploads\/2017\/01\/Copia-de-Formulario-Rendici\u00f3n-Cuentas-GAD-ZHIDMAD-1-2017...xlsx\">Copia de Formulario-Rendici\u00f3n-Cuentas-GAD-ZHIDMAD-1 2017..<\/a><\/p>\n<p>&nbsp;<\/p>\n","protected":false},"excerpt":{"rendered":"<p>NOMBRAMIENTO\u00a0 DEL CONSEJO DE PARTICIPACION CIUDADANA Resoluci\u00f3n Designacion Equipo e Inicio de proceso Convovatoria iniciar el proceso de Rendici\u00f3n de Cuentas Acta reunion Designacion del Lider Ciudadano 03 de febrero Acta reunion de trabajo\u00a0 06 de febrero Acta reunion de trabajo 16 de febrero convocatoria revision informe Oficio entrega informe Rendicion de cuentas L\u00edder Ciudadano [&hellip;]<\/p>\n","protected":false},"author":4,"featured_media":0,"parent":0,"menu_order":0,"comment_status":"closed","ping_status":"closed","template":"","meta":{"footnotes":""},"class_list":["post-700","page","type-page","status-publish","hentry"],"yoast_head":"<!-- This site is optimized with the Yoast SEO plugin v24.1 - https:\/\/yoast.com\/wordpress\/plugins\/seo\/ -->\n<title>Rendici\u00f3n de Cuentas 2017 - GAD Parroquial de Zhidmad<\/title>\n<meta name=\"robots\" content=\"index, follow, max-snippet:-1, max-image-preview:large, max-video-preview:-1\" \/>\n<link rel=\"canonical\" href=\"https:\/\/zhidmad.gob.ec\/azuay\/rendicion-de-cuentas-2017\/\" \/>\n<meta property=\"og:locale\" content=\"es_ES\" \/>\n<meta property=\"og:type\" content=\"article\" \/>\n<meta property=\"og:title\" content=\"Rendici\u00f3n de Cuentas 2017 - GAD Parroquial de Zhidmad\" \/>\n<meta property=\"og:description\" content=\"NOMBRAMIENTO\u00a0 DEL CONSEJO DE PARTICIPACION CIUDADANA Resoluci\u00f3n Designacion Equipo e Inicio de proceso Convovatoria iniciar el proceso de Rendici\u00f3n de Cuentas Acta reunion Designacion del Lider Ciudadano 03 de febrero Acta reunion de trabajo\u00a0 06 de febrero Acta reunion de trabajo 16 de febrero convocatoria revision informe Oficio entrega informe Rendicion de cuentas L\u00edder Ciudadano [&hellip;]\" \/>\n<meta property=\"og:url\" content=\"https:\/\/zhidmad.gob.ec\/azuay\/rendicion-de-cuentas-2017\/\" \/>\n<meta property=\"og:site_name\" content=\"GAD Parroquial de Zhidmad\" \/>\n<meta property=\"article:modified_time\" content=\"2018-04-24T21:41:56+00:00\" \/>\n<meta name=\"twitter:card\" content=\"summary_large_image\" \/>\n<meta name=\"twitter:label1\" content=\"Tiempo de lectura\" \/>\n\t<meta name=\"twitter:data1\" content=\"1 minuto\" \/>\n<script type=\"application\/ld+json\" class=\"yoast-schema-graph\">{\"@context\":\"https:\/\/schema.org\",\"@graph\":[{\"@type\":\"WebPage\",\"@id\":\"https:\/\/zhidmad.gob.ec\/azuay\/rendicion-de-cuentas-2017\/\",\"url\":\"https:\/\/zhidmad.gob.ec\/azuay\/rendicion-de-cuentas-2017\/\",\"name\":\"Rendici\u00f3n de Cuentas 2017 - GAD Parroquial de Zhidmad\",\"isPartOf\":{\"@id\":\"https:\/\/zhidmad.gob.ec\/azuay\/#website\"},\"datePublished\":\"2017-01-31T00:40:44+00:00\",\"dateModified\":\"2018-04-24T21:41:56+00:00\",\"breadcrumb\":{\"@id\":\"https:\/\/zhidmad.gob.ec\/azuay\/rendicion-de-cuentas-2017\/#breadcrumb\"},\"inLanguage\":\"es\",\"potentialAction\":[{\"@type\":\"ReadAction\",\"target\":[\"https:\/\/zhidmad.gob.ec\/azuay\/rendicion-de-cuentas-2017\/\"]}]},{\"@type\":\"BreadcrumbList\",\"@id\":\"https:\/\/zhidmad.gob.ec\/azuay\/rendicion-de-cuentas-2017\/#breadcrumb\",\"itemListElement\":[{\"@type\":\"ListItem\",\"position\":1,\"name\":\"Home\",\"item\":\"https:\/\/zhidmad.gob.ec\/azuay\/\"},{\"@type\":\"ListItem\",\"position\":2,\"name\":\"Rendici\u00f3n de Cuentas 2017\"}]},{\"@type\":\"WebSite\",\"@id\":\"https:\/\/zhidmad.gob.ec\/azuay\/#website\",\"url\":\"https:\/\/zhidmad.gob.ec\/azuay\/\",\"name\":\"GAD Parroquial de Zhidmad\",\"description\":\"Sitio Oficial del GAD Parroquial Zhidmad Azuay\",\"publisher\":{\"@id\":\"https:\/\/zhidmad.gob.ec\/azuay\/#organization\"},\"potentialAction\":[{\"@type\":\"SearchAction\",\"target\":{\"@type\":\"EntryPoint\",\"urlTemplate\":\"https:\/\/zhidmad.gob.ec\/azuay\/?s={search_term_string}\"},\"query-input\":{\"@type\":\"PropertyValueSpecification\",\"valueRequired\":true,\"valueName\":\"search_term_string\"}}],\"inLanguage\":\"es\"},{\"@type\":\"Organization\",\"@id\":\"https:\/\/zhidmad.gob.ec\/azuay\/#organization\",\"name\":\"GAD Zhidmad\",\"url\":\"https:\/\/zhidmad.gob.ec\/azuay\/\",\"logo\":{\"@type\":\"ImageObject\",\"inLanguage\":\"es\",\"@id\":\"https:\/\/zhidmad.gob.ec\/azuay\/#\/schema\/logo\/image\/\",\"url\":\"https:\/\/zhidmad.gob.ec\/azuay\/wp-content\/uploads\/2020\/06\/logoFooter.png\",\"contentUrl\":\"https:\/\/zhidmad.gob.ec\/azuay\/wp-content\/uploads\/2020\/06\/logoFooter.png\",\"width\":200,\"height\":150,\"caption\":\"GAD Zhidmad\"},\"image\":{\"@id\":\"https:\/\/zhidmad.gob.ec\/azuay\/#\/schema\/logo\/image\/\"}}]}<\/script>\n<!-- \/ Yoast SEO plugin. -->","yoast_head_json":{"title":"Rendici\u00f3n de Cuentas 2017 - GAD Parroquial de Zhidmad","robots":{"index":"index","follow":"follow","max-snippet":"max-snippet:-1","max-image-preview":"max-image-preview:large","max-video-preview":"max-video-preview:-1"},"canonical":"https:\/\/zhidmad.gob.ec\/azuay\/rendicion-de-cuentas-2017\/","og_locale":"es_ES","og_type":"article","og_title":"Rendici\u00f3n de Cuentas 2017 - GAD Parroquial de Zhidmad","og_description":"NOMBRAMIENTO\u00a0 DEL CONSEJO DE PARTICIPACION CIUDADANA Resoluci\u00f3n Designacion Equipo e Inicio de proceso Convovatoria iniciar el proceso de Rendici\u00f3n de Cuentas Acta reunion Designacion del Lider Ciudadano 03 de febrero Acta reunion de trabajo\u00a0 06 de febrero Acta reunion de trabajo 16 de febrero convocatoria revision informe Oficio entrega informe Rendicion de cuentas L\u00edder Ciudadano [&hellip;]","og_url":"https:\/\/zhidmad.gob.ec\/azuay\/rendicion-de-cuentas-2017\/","og_site_name":"GAD Parroquial de Zhidmad","article_modified_time":"2018-04-24T21:41:56+00:00","twitter_card":"summary_large_image","twitter_misc":{"Tiempo de lectura":"1 minuto"},"schema":{"@context":"https:\/\/schema.org","@graph":[{"@type":"WebPage","@id":"https:\/\/zhidmad.gob.ec\/azuay\/rendicion-de-cuentas-2017\/","url":"https:\/\/zhidmad.gob.ec\/azuay\/rendicion-de-cuentas-2017\/","name":"Rendici\u00f3n de Cuentas 2017 - GAD Parroquial de Zhidmad","isPartOf":{"@id":"https:\/\/zhidmad.gob.ec\/azuay\/#website"},"datePublished":"2017-01-31T00:40:44+00:00","dateModified":"2018-04-24T21:41:56+00:00","breadcrumb":{"@id":"https:\/\/zhidmad.gob.ec\/azuay\/rendicion-de-cuentas-2017\/#breadcrumb"},"inLanguage":"es","potentialAction":[{"@type":"ReadAction","target":["https:\/\/zhidmad.gob.ec\/azuay\/rendicion-de-cuentas-2017\/"]}]},{"@type":"BreadcrumbList","@id":"https:\/\/zhidmad.gob.ec\/azuay\/rendicion-de-cuentas-2017\/#breadcrumb","itemListElement":[{"@type":"ListItem","position":1,"name":"Home","item":"https:\/\/zhidmad.gob.ec\/azuay\/"},{"@type":"ListItem","position":2,"name":"Rendici\u00f3n de Cuentas 2017"}]},{"@type":"WebSite","@id":"https:\/\/zhidmad.gob.ec\/azuay\/#website","url":"https:\/\/zhidmad.gob.ec\/azuay\/","name":"GAD Parroquial de Zhidmad","description":"Sitio Oficial del GAD Parroquial Zhidmad Azuay","publisher":{"@id":"https:\/\/zhidmad.gob.ec\/azuay\/#organization"},"potentialAction":[{"@type":"SearchAction","target":{"@type":"EntryPoint","urlTemplate":"https:\/\/zhidmad.gob.ec\/azuay\/?s={search_term_string}"},"query-input":{"@type":"PropertyValueSpecification","valueRequired":true,"valueName":"search_term_string"}}],"inLanguage":"es"},{"@type":"Organization","@id":"https:\/\/zhidmad.gob.ec\/azuay\/#organization","name":"GAD Zhidmad","url":"https:\/\/zhidmad.gob.ec\/azuay\/","logo":{"@type":"ImageObject","inLanguage":"es","@id":"https:\/\/zhidmad.gob.ec\/azuay\/#\/schema\/logo\/image\/","url":"https:\/\/zhidmad.gob.ec\/azuay\/wp-content\/uploads\/2020\/06\/logoFooter.png","contentUrl":"https:\/\/zhidmad.gob.ec\/azuay\/wp-content\/uploads\/2020\/06\/logoFooter.png","width":200,"height":150,"caption":"GAD Zhidmad"},"image":{"@id":"https:\/\/zhidmad.gob.ec\/azuay\/#\/schema\/logo\/image\/"}}]}},"_links":{"self":[{"href":"https:\/\/zhidmad.gob.ec\/azuay\/wp-json\/wp\/v2\/pages\/700","targetHints":{"allow":["GET"]}}],"collection":[{"href":"https:\/\/zhidmad.gob.ec\/azuay\/wp-json\/wp\/v2\/pages"}],"about":[{"href":"https:\/\/zhidmad.gob.ec\/azuay\/wp-json\/wp\/v2\/types\/page"}],"author":[{"embeddable":true,"href":"https:\/\/zhidmad.gob.ec\/azuay\/wp-json\/wp\/v2\/users\/4"}],"replies":[{"embeddable":true,"href":"https:\/\/zhidmad.gob.ec\/azuay\/wp-json\/wp\/v2\/comments?post=700"}],"version-history":[{"count":18,"href":"https:\/\/zhidmad.gob.ec\/azuay\/wp-json\/wp\/v2\/pages\/700\/revisions"}],"predecessor-version":[{"id":1217,"href":"https:\/\/zhidmad.gob.ec\/azuay\/wp-json\/wp\/v2\/pages\/700\/revisions\/1217"}],"wp:attachment":[{"href":"https:\/\/zhidmad.gob.ec\/azuay\/wp-json\/wp\/v2\/media?parent=700"}],"curies":[{"name":"wp","href":"https:\/\/api.w.org\/{rel}","templated":true}]}}