{"id":56,"date":"2014-10-24T10:00:34","date_gmt":"2014-10-24T14:00:34","guid":{"rendered":"http:\/\/zhidmad.gob.ec\/azuay\/?page_id=56"},"modified":"2015-09-24T08:26:26","modified_gmt":"2015-09-24T12:26:26","slug":"documentos-2014-2015","status":"publish","type":"page","link":"https:\/\/zhidmad.gob.ec\/azuay\/documentos-2014-2015\/","title":{"rendered":"Documentos 2014"},"content":{"rendered":"<p style=\"text-align: justify;\"><strong>Art. 7.- Difusi\u00f3n de la Informaci\u00f3n P\u00fablica.-<\/strong><\/p>\n<p style=\"text-align: justify;\">Por la transparencia en la gesti\u00f3n administrativa que est\u00e1n obligadas a observar todas las instituciones del Estado que conforman el sector p\u00fablico en los t\u00e9rminos del art\u00edculo 118 de la Constituci\u00f3n Pol\u00edtica de la Rep\u00fablica y dem\u00e1s entes se\u00f1alados en el art\u00edculo 1 de la presente Ley, difundir\u00e1n a trav\u00e9s de un portal de informaci\u00f3n o p\u00e1gina web, as\u00ed como de los medios necesarios a disposici\u00f3n del p\u00fablico, implementados en la misma instituci\u00f3n, la siguiente informaci\u00f3n m\u00ednima actualizada, que para efectos de esta Ley se la considera de naturaleza obligatoria:<\/p>\n<p style=\"text-align: justify;\"><strong>FORMATOS LOTAIP<\/strong><\/p>\n<p style=\"text-align: justify;\"><strong>a) Organizaci\u00f3n Interna<\/strong><br \/>\nEstructura Org\u00e1nica Funcional.<br \/>\nBase legal que la rige, regulaciones y procedimientos internos aplicables a la entidad.<br \/>\nMetas y Objetivos de las unidades administrativas de conformidad con sus programas operativos.<\/p>\n<p style=\"text-align: justify;\"><a href=\"http:\/\/zhidmad.gob.ec\/azuay\/wp-content\/uploads\/2014\/10\/ESTRUCTURA-ORGANICA.docx\">ESTRUCTURA ORGANICA<\/a><\/p>\n<p style=\"text-align: justify;\"><a href=\"http:\/\/zhidmad.gob.ec\/azuay\/wp-content\/uploads\/2014\/10\/Reglamento-Actual-Organico-Funcional-2.docx\">Reglamento Actual Organico Funcional<\/a><\/p>\n<p style=\"text-align: justify;\"><a href=\"http:\/\/zhidmad.gob.ec\/azuay\/wp-content\/uploads\/2014\/10\/COMISIONES.docx\">COMISIONES<\/a><\/p>\n<p style=\"text-align: justify;\"><strong>b) Directorio<\/strong><br \/>\nDirectorio completo de la instituci\u00f3n; as\u00ed como su distributivo de personal.<\/p>\n<p style=\"text-align: justify;\"><a href=\"http:\/\/zhidmad.gob.ec\/azuay\/wp-content\/uploads\/2014\/10\/DIRECTORIO-TELEFONICO.docx\">DIRECTORIO\u00a0<\/a><\/p>\n<p style=\"text-align: justify;\"><strong>c) Remuneraciones<\/strong><br \/>\nRemuneraci\u00f3n mensual por puesto y todo ingreso adicional incluso el sistema de compensaci\u00f3n, seg\u00fan lo establezcan las disposiciones correspondientes.<\/p>\n<p style=\"text-align: justify;\"><a href=\"http:\/\/zhidmad.gob.ec\/azuay\/wp-content\/uploads\/2014\/10\/Distributivo-de-Sueldos-2014.xlsx\">Distributivo de Sueldos 2014<\/a><\/p>\n<p style=\"text-align: justify;\"><strong>d) Servicios<\/strong><br \/>\nServicios que ofrece y la forma de acceder a ellos, horarios de atenci\u00f3n y dem\u00e1s indicaciones necesarias.<\/p>\n<p style=\"text-align: justify;\"><a href=\"http:\/\/zhidmad.gob.ec\/azuay\/wp-content\/uploads\/2014\/10\/DIRECCI\u00d3N-DE-LA-OFICINA-DEL-GAD.docx\">DIRECCI\u00d3N DE LA OFICINA DEL GAD<\/a><\/p>\n<p style=\"text-align: justify;\"><a href=\"http:\/\/zhidmad.gob.ec\/azuay\/wp-content\/uploads\/2014\/10\/HORARIO-DE-ANTENCI\u00d3N.docx\">HORARIO DE ATENCI\u00d3N<\/a><\/p>\n<p style=\"text-align: justify;\"><a href=\"http:\/\/zhidmad.gob.ec\/azuay\/wp-content\/uploads\/2014\/10\/Servicios.docx\">Servicios<\/a><\/p>\n<p style=\"text-align: justify;\"><a href=\"http:\/\/zhidmad.gob.ec\/azuay\/wp-content\/uploads\/2014\/10\/Solicitud-de-Informacion-Publica.docx\">Solicitud de Informacion Publica<\/a><\/p>\n<p style=\"text-align: justify;\"><strong>e) Contratos Colectivos<\/strong><br \/>\nTexto integro de todos los contratos colectivos vigentes en la instituci\u00f3n, as\u00ed como sus anexos y reformas.<\/p>\n<p style=\"text-align: justify;\"><a href=\"http:\/\/zhidmad.gob.ec\/azuay\/wp-content\/uploads\/2014\/10\/cont.-de-arrendamiento-de-local.pdf\">cont. de arrendamiento de local<\/a><\/p>\n<p style=\"text-align: justify;\"><a href=\"http:\/\/zhidmad.gob.ec\/azuay\/wp-content\/uploads\/2014\/10\/cont.-de-volqueta-para-lastrado-de-las-via-de-comuni.pdf\">cont. de volqueta para lastrado de las via de comuni<\/a><\/p>\n<p style=\"text-align: justify;\"><a href=\"http:\/\/zhidmad.gob.ec\/azuay\/wp-content\/uploads\/2014\/10\/cont.-desalojo-de-desechos-solidos.pdf\">cont. desalojo de desechos solidos<\/a><\/p>\n<p style=\"text-align: justify;\"><a href=\"http:\/\/zhidmad.gob.ec\/azuay\/wp-content\/uploads\/2014\/10\/cont.-lastrado-de-las-vias-de-las-comunidades.pdf\">cont. lastrado de las vias de las comunidades<\/a><\/p>\n<p style=\"text-align: justify;\"><a href=\"http:\/\/zhidmad.gob.ec\/azuay\/wp-content\/uploads\/2014\/10\/cont.-servicio-de-camioneta.pdf\">cont. servicio de camioneta<\/a><\/p>\n<p style=\"text-align: justify;\"><strong>f) Formularios para Tr\u00e1mites<\/strong><br \/>\nSe publicar\u00e1n los formularios o formatos de solicitudes que se requieran para los tr\u00e1mites inherentes a su campo de acci\u00f3n.<\/p>\n<p style=\"text-align: justify;\"><a href=\"http:\/\/zhidmad.gob.ec\/azuay\/wp-content\/uploads\/2014\/10\/CERT_UNICO-ESCRITURAS-2013-PARA-PARROQUIAS.pdf\">CERT_UNICO ESCRITURAS 2013 PARA PARROQUIAS<\/a><\/p>\n<p style=\"text-align: justify;\"><a href=\"http:\/\/zhidmad.gob.ec\/azuay\/wp-content\/uploads\/2014\/10\/Comprobante-de-ingreso-de-caja.pdf\">Comprobante de ingreso de caja<\/a><\/p>\n<p style=\"text-align: justify;\"><a href=\"http:\/\/zhidmad.gob.ec\/azuay\/wp-content\/uploads\/2014\/10\/Contrato-de-arendamiento-de-boveda1.pdf\">Contrato de arendamiento de boveda<\/a><\/p>\n<p style=\"text-align: justify;\"><a href=\"http:\/\/zhidmad.gob.ec\/azuay\/wp-content\/uploads\/2014\/10\/Contrato-de-Nicho1.pdf\">Contrato de Nicho<\/a><\/p>\n<p style=\"text-align: justify;\"><a href=\"http:\/\/zhidmad.gob.ec\/azuay\/wp-content\/uploads\/2014\/10\/Declaracion-capital-en-Giro-Patente.pdf\">Declaracion capital en Giro (Patente)<\/a><\/p>\n<p style=\"text-align: justify;\"><a href=\"http:\/\/zhidmad.gob.ec\/azuay\/wp-content\/uploads\/2014\/10\/formulario-para-rebaja-de-impuestos.docx\">formulario para rebaja de impuestos<\/a><\/p>\n<p style=\"text-align: justify;\"><strong>g) Presupuesto Anual<\/strong><br \/>\nInformaci\u00f3n total sobre el presupuesto anual que administra la instituci\u00f3n, especificando ingresos, gastos, financiamiento y resultados operativos de conformidad con los clasificadores presupuestales, as\u00ed como liquidaci\u00f3n del presupuesto, especificando destinatarios de la entrega de recursos p\u00fablicos.<\/p>\n<p style=\"text-align: justify;\"><a href=\"http:\/\/zhidmad.gob.ec\/azuay\/wp-content\/uploads\/2014\/10\/BALANCE-DE-COMPROBACN-2014.pdf\">BALANCE DE COMPROBACN 2014<\/a><\/p>\n<p style=\"text-align: justify;\"><a href=\"http:\/\/zhidmad.gob.ec\/azuay\/wp-content\/uploads\/2014\/10\/BANLANCE-INICIAL-2014.pdf\">BANLANCE INICIAL 2014<\/a><\/p>\n<p style=\"text-align: justify;\"><a href=\"http:\/\/zhidmad.gob.ec\/azuay\/wp-content\/uploads\/2014\/10\/CEDULA-INGRESOS-2014.pdf\">CEDULA INGRESOS 2014<\/a><\/p>\n<p style=\"text-align: justify;\"><a href=\"http:\/\/zhidmad.gob.ec\/azuay\/wp-content\/uploads\/2014\/10\/CEDULAS-GASTOS-2014.pdf\">CEDULAS GASTOS 2014<\/a><\/p>\n<p style=\"text-align: justify;\"><a href=\"http:\/\/zhidmad.gob.ec\/azuay\/wp-content\/uploads\/2014\/10\/ESTADO-DE-EJECICON-PRESPUESTARIA-2014.pdf\">ESTADO DE EJECICON PRESPUESTARIA 2014<\/a><\/p>\n<p style=\"text-align: justify;\"><a href=\"http:\/\/zhidmad.gob.ec\/azuay\/wp-content\/uploads\/2014\/10\/ESTADO-DE-FLUJO-DEL-EFECTIVO-2014.pdf\">ESTADO DE FLUJO DEL EFECTIVO 2014<\/a><\/p>\n<p style=\"text-align: justify;\"><a href=\"http:\/\/zhidmad.gob.ec\/azuay\/wp-content\/uploads\/2014\/10\/ESTADO-DE-RESULTADOS-2014.pdf\">ESTADO DE RESULTADOS 2014<\/a><\/p>\n<p style=\"text-align: justify;\"><a href=\"http:\/\/zhidmad.gob.ec\/azuay\/wp-content\/uploads\/2014\/10\/ESTADO-DE-SITUACION-FINANCIERA-2014.pdf\">ESTADO DE SITUACION FINANCIERA 2014<\/a><\/p>\n<p style=\"text-align: justify;\"><a href=\"http:\/\/zhidmad.gob.ec\/azuay\/wp-content\/uploads\/2014\/10\/PRESUPUESTO-2014.pdf\">PRESUPUESTO 2014<\/a><\/p>\n<p>\u00a0h<strong>) Auditorias Internas<\/strong><\/p>\n<p style=\"text-align: justify;\">Los resultados de las auditorias internas y gubernamentales al ejercicio presupuestal.<\/p>\n<p style=\"text-align: justify;\">NO APLICA<\/p>\n<p style=\"text-align: justify;\"><strong>i) Procesos de Contrataci\u00f3n<\/strong><br \/>\nInformaci\u00f3n completa y detallada sobre los procesos pree-contractuales, contractuales, de adjudicaci\u00f3n y liquidaci\u00f3n de bienes, prestaci\u00f3n de servicios, arrendamientos mercantiles, etc, celebrados por la instituci\u00f3n con personas naturales o jur\u00eddicas, incluidos concesiones permisos o autorizaciones.<\/p>\n<p>https:\/\/www.compraspublicas.gob.ec\/ProcesoContratacion\/compras\/PC\/informacionProcesoContratacion2.cpe?idSoliCompra=rOeaSh4vin29QX3T-hXfyMAkeWTQVnxaRDcpgtj1ezo,<\/p>\n<p>https:\/\/www.compraspublicas.gob.ec\/ProcesoContratacion\/compras\/PC\/informacionProcesoContratacion2.cpe?idSoliCompra=ZNop6quNuAydiQ6TThgkj20UlU3vDA1q1aaDE6tQbW8,<\/p>\n<p style=\"text-align: justify;\"><strong>j) Incumplimientos<\/strong><br \/>\nUn listado de las empresas que han incumplido contratos con dicha instituci\u00f3n.<\/p>\n<p style=\"text-align: justify;\">NO APLICA<\/p>\n<p style=\"text-align: justify;\"><strong>k) Planes y Programas<\/strong><br \/>\nPlanes y Programas de la Instituci\u00f3n en ejecuci\u00f3n.<\/p>\n<p style=\"text-align: justify;\"><a href=\"http:\/\/zhidmad.gob.ec\/azuay\/wp-content\/uploads\/2014\/10\/POA-20141.xlsx\">POA 2014<\/a><\/p>\n<p style=\"text-align: justify;\"><strong>l) Financiamiento Interno y Externo<\/strong><br \/>\nEl detalle de los contratos de cr\u00e9dito externos o internos; se se\u00f1alar\u00e1 la fuente de los fondos con los que se pagar\u00e1n esos cr\u00e9ditos. Cuando se trate de prestamos o \u00a0contratos de financiamiento, se har\u00e1 constar, como lo prev\u00e9 la Ley Org\u00e1nica de Administraci\u00f3n Financiera y Control, Ley Org\u00e1nica de Contralor\u00eda General del Estado y la Ley Org\u00e1nica de Responsabilidad y Transparencia Fiscal, las operaciones y contratos de Cr\u00e9dito, los montos, plazo, costos financieros o tipos de inter\u00e9s.<\/p>\n<p style=\"text-align: justify;\">NO APLICA<\/p>\n<p style=\"text-align: justify;\"><strong>m) Rendici\u00f3n de Cuentas<\/strong><br \/>\nMecanismos de rendici\u00f3n de cuentas a la ciudadan\u00eda, tales como metas e informes de gesti\u00f2n e indicadores de desempe\u00f1o.<\/p>\n<p style=\"text-align: justify;\"><a href=\"http:\/\/zhidmad.gob.ec\/azuay\/wp-content\/uploads\/2014\/10\/Convo-rendicion-de-cuentas-2014.pdf\">ACTA RENDICI\u00d3N DE CUENTAS<\/a><\/p>\n<p style=\"text-align: justify;\"><a href=\"http:\/\/zhidmad.gob.ec\/azuay\/wp-content\/uploads\/2014\/10\/Convo-rendicion-de-cuentas-2014.pdf\">Convo rendicion de cuentas 2014<\/a><\/p>\n<p style=\"text-align: justify;\"><a href=\"http:\/\/zhidmad.gob.ec\/azuay\/wp-content\/uploads\/2014\/10\/Observaci\u00f3n-de-la-Ciudadan\u00eda.docx\">Observaci\u00f3n de la Ciudadan\u00eda<\/a><\/p>\n<p style=\"text-align: justify;\"><a href=\"http:\/\/zhidmad.gob.ec\/azuay\/wp-content\/uploads\/2014\/10\/Registro-de-Asistencia.pdf\">Registro de Asistencia<\/a><\/p>\n<p style=\"text-align: justify;\">\u00a0<a href=\"http:\/\/zhidmad.gob.ec\/azuay\/wp-content\/uploads\/2014\/10\/INFORME-20141.docx\">INFORME 2014<\/a><\/p>\n<p style=\"text-align: justify;\"><a href=\"http:\/\/zhidmad.gob.ec\/azuay\/wp-content\/uploads\/2014\/10\/ATENCION-AL-ADULTO-MAYOR.zip\">ATENCION AL ADULTO MAYOR<\/a><\/p>\n<p style=\"text-align: justify;\"><a href=\"http:\/\/zhidmad.gob.ec\/azuay\/wp-content\/uploads\/2014\/10\/CONTRATOS.zip\">CONTRATOS<\/a><\/p>\n<p style=\"text-align: justify;\"><a href=\"http:\/\/zhidmad.gob.ec\/azuay\/wp-content\/uploads\/2014\/10\/RECOLECCION-DE-DESECHOS-SOLIDOS-DE-LAS-COMUNIDADES-A-LAS-PARROQUIAS.zip\">RECOLECCION DE DESECHOS SOLIDOS DE LAS COMUNIDADES A LAS PARROQUIAS<\/a><\/p>\n<p style=\"text-align: justify;\"><a href=\"http:\/\/zhidmad.gob.ec\/azuay\/wp-content\/uploads\/2014\/10\/OFI.-SOLICITANDO-LOCAL-A-LA-ESCUELA-TOMAS-ORDO\u00d1ES.pdf\">OFI. SOLICITANDO LOCAL A LA ESCUELA TOMAS ORDO\u00d1ES<\/a><\/p>\n<p style=\"text-align: justify;\"><strong>n) Gesti\u00f3n Institucional<\/strong><br \/>\nLos vi\u00e1ticos, informes de trabajo y justificativos de movilizaci\u00f3n nacional o internacional \u00a0de las autoridades, dignatarios y funcionarios p\u00f9blicos.<\/p>\n<p style=\"text-align: justify;\">NO APLICA<\/p>\n<p style=\"text-align: justify;\"><strong>o) Responsable de la Informaci\u00f3n<\/strong><br \/>\nEl nombre, direcci\u00f3n de la oficina, apartado postal y direcci\u00f3n electr\u00f3nica del responsable de atender la informaci\u00f3n p\u00fablica de que trata esta ley.<\/p>\n<p style=\"text-align: justify;\"><a href=\"http:\/\/zhidmad.gob.ec\/azuay\/wp-content\/uploads\/2014\/10\/Equipo-de-Rendici\u00f3n-de-Cuentas.pdf\">Equipo de Rendici\u00f3n de Cuentas<\/a><\/p>\n<p style=\"text-align: justify;\"><a href=\"http:\/\/zhidmad.gob.ec\/azuay\/wp-content\/uploads\/2014\/10\/persona-engargada-de-subir-la-informacion.pdf\">Persona engargada de subir la informacion<\/a><\/p>\n<p style=\"text-align: justify;\"><a href=\"http:\/\/zhidmad.gob.ec\/azuay\/wp-content\/uploads\/2014\/10\/Resoluci\u00f3n-para-Subir-Informacion.pdf\">Resoluci\u00f3n para Subir Informacion<\/a><\/p>\n<p style=\"text-align: justify;\"><strong>s) Organismos Seccionales<\/strong><br \/>\nLos organismos seccionales, informar\u00e1n oportunamente a la ciudadan\u00eca de las resoluciones que adoptaren, mediante la publicaci\u00f3n de las actas de las respectivas sesiones de estos cuerpos colegiados, as\u00ed como sus planes de desarrollo local<\/p>\n<p style=\"text-align: justify;\"><a href=\"http:\/\/zhidmad.gob.ec\/azuay\/wp-content\/uploads\/2014\/10\/extraordinaria-01.pdf\">extraordinaria 01<\/a><\/p>\n<p style=\"text-align: justify;\"><a href=\"http:\/\/zhidmad.gob.ec\/azuay\/wp-content\/uploads\/2014\/10\/extraordinaria-02.pdf\">extraordinaria 02<\/a><\/p>\n<p style=\"text-align: justify;\"><a href=\"http:\/\/zhidmad.gob.ec\/azuay\/wp-content\/uploads\/2014\/10\/act.-ordinaria-12.pdf\">act. ordinaria 12<\/a><\/p>\n<p style=\"text-align: justify;\"><a href=\"http:\/\/zhidmad.gob.ec\/azuay\/wp-content\/uploads\/2014\/10\/act.-ordinaria-13.pdf\">act. ordinaria 13<\/a><\/p>\n<p style=\"text-align: justify;\"><a href=\"http:\/\/zhidmad.gob.ec\/azuay\/wp-content\/uploads\/2014\/10\/act.-ordinaria-14.pdf\">act. ordinaria 14<\/a><\/p>\n<p style=\"text-align: justify;\"><a href=\"http:\/\/zhidmad.gob.ec\/azuay\/wp-content\/uploads\/2014\/10\/act.-ordinaria-15.pdf\">act. ordinaria 15<\/a><\/p>\n<p style=\"text-align: justify;\"><a href=\"http:\/\/zhidmad.gob.ec\/azuay\/wp-content\/uploads\/2014\/10\/act.-ordinaria-16.pdf\">act. ordinaria 16<\/a><\/p>\n<p style=\"text-align: justify;\"><a href=\"http:\/\/zhidmad.gob.ec\/azuay\/wp-content\/uploads\/2014\/10\/acta.-ordinaria2.pdf\">acta. ordinaria2<\/a><\/p>\n<p style=\"text-align: justify;\"><a href=\"http:\/\/zhidmad.gob.ec\/azuay\/wp-content\/uploads\/2014\/10\/Act.-ordinaria-2.pdf\">Act. ordinaria 2<\/a><\/p>\n<p style=\"text-align: justify;\"><a href=\"http:\/\/zhidmad.gob.ec\/azuay\/wp-content\/uploads\/2014\/10\/act.-ordinaria-03.pdf\">act. ordinaria 03<\/a><\/p>\n<p style=\"text-align: justify;\"><a href=\"http:\/\/zhidmad.gob.ec\/azuay\/wp-content\/uploads\/2014\/10\/act.-ordinaria-04.pdf\">act. ordinaria 04<\/a><\/p>\n<p style=\"text-align: justify;\"><a href=\"http:\/\/zhidmad.gob.ec\/azuay\/wp-content\/uploads\/2014\/10\/act.-ordinaria-05.pdf\">act. ordinaria 05<\/a><\/p>\n<p style=\"text-align: justify;\"><a href=\"http:\/\/zhidmad.gob.ec\/azuay\/wp-content\/uploads\/2014\/10\/act.-ordinaria-06.pdf\">act. ordinaria 06<\/a><\/p>\n<p style=\"text-align: justify;\"><a href=\"http:\/\/zhidmad.gob.ec\/azuay\/wp-content\/uploads\/2014\/10\/act.-ordinaria-07.pdf\">act. ordinaria 07<\/a><\/p>\n<p style=\"text-align: justify;\"><a href=\"http:\/\/zhidmad.gob.ec\/azuay\/wp-content\/uploads\/2014\/10\/act.-ordinaria-08.pdf\">act. ordinaria 08<\/a><\/p>\n<p style=\"text-align: justify;\"><a href=\"http:\/\/zhidmad.gob.ec\/azuay\/wp-content\/uploads\/2014\/10\/act.-ordinaria-9.pdf\">act. ordinaria 9<\/a><\/p>\n<p style=\"text-align: justify;\"><a href=\"http:\/\/zhidmad.gob.ec\/azuay\/wp-content\/uploads\/2014\/10\/act.-ordinaria-10.pdf\">act. ordinaria 10<\/a><\/p>\n<p style=\"text-align: justify;\"><a href=\"http:\/\/zhidmad.gob.ec\/azuay\/wp-content\/uploads\/2014\/10\/act.-ordinaria-11.pdf\">act. ordinaria 11<\/a><\/p>\n<p style=\"text-align: justify;\"><a href=\"http:\/\/zhidmad.gob.ec\/azuay\/wp-content\/uploads\/2014\/10\/ACTA-SOBRE-LA-SALUD.pdf\">ACTA SOBRE LA SALUD<\/a><\/p>\n<p style=\"text-align: justify;\"><a href=\"http:\/\/zhidmad.gob.ec\/azuay\/wp-content\/uploads\/2014\/10\/ACTA.-ASAMBLEA-CUIDADADA.pdf\">ACTA. ASAMBLEA CUIDADADA<\/a><\/p>\n<p style=\"text-align: justify;\"><a href=\"http:\/\/zhidmad.gob.ec\/azuay\/wp-content\/uploads\/2014\/10\/ACTA.-COMUNIDAD.pdf\">ACTA. COMUNIDAD<\/a><\/p>\n","protected":false},"excerpt":{"rendered":"<p>Art. 7.- Difusi\u00f3n de la Informaci\u00f3n P\u00fablica.- Por la transparencia en la gesti\u00f3n administrativa que est\u00e1n obligadas a observar todas las instituciones del Estado que conforman el sector p\u00fablico en los t\u00e9rminos del art\u00edculo 118 de la Constituci\u00f3n Pol\u00edtica de la Rep\u00fablica y dem\u00e1s entes se\u00f1alados en el art\u00edculo 1 de la presente Ley, difundir\u00e1n [&hellip;]<\/p>\n","protected":false},"author":4,"featured_media":0,"parent":0,"menu_order":0,"comment_status":"closed","ping_status":"closed","template":"","meta":{"footnotes":""},"class_list":["post-56","page","type-page","status-publish","hentry"],"yoast_head":"<!-- This site is optimized with the Yoast SEO plugin v24.1 - https:\/\/yoast.com\/wordpress\/plugins\/seo\/ -->\n<title>Documentos 2014 - GAD Parroquial de Zhidmad<\/title>\n<meta name=\"robots\" content=\"index, follow, max-snippet:-1, max-image-preview:large, max-video-preview:-1\" \/>\n<link rel=\"canonical\" href=\"https:\/\/zhidmad.gob.ec\/azuay\/documentos-2014-2015\/\" \/>\n<meta property=\"og:locale\" content=\"es_ES\" \/>\n<meta property=\"og:type\" content=\"article\" \/>\n<meta property=\"og:title\" content=\"Documentos 2014 - GAD Parroquial de Zhidmad\" \/>\n<meta property=\"og:description\" content=\"Art. 7.- Difusi\u00f3n de la Informaci\u00f3n P\u00fablica.- Por la transparencia en la gesti\u00f3n administrativa que est\u00e1n obligadas a observar todas las instituciones del Estado que conforman el sector p\u00fablico en los t\u00e9rminos del art\u00edculo 118 de la Constituci\u00f3n Pol\u00edtica de la Rep\u00fablica y dem\u00e1s entes se\u00f1alados en el art\u00edculo 1 de la presente Ley, difundir\u00e1n [&hellip;]\" \/>\n<meta property=\"og:url\" content=\"https:\/\/zhidmad.gob.ec\/azuay\/documentos-2014-2015\/\" \/>\n<meta property=\"og:site_name\" content=\"GAD Parroquial de Zhidmad\" \/>\n<meta property=\"article:modified_time\" content=\"2015-09-24T12:26:26+00:00\" \/>\n<meta name=\"twitter:card\" content=\"summary_large_image\" \/>\n<meta name=\"twitter:label1\" content=\"Tiempo de lectura\" \/>\n\t<meta name=\"twitter:data1\" content=\"4 minutos\" \/>\n<script type=\"application\/ld+json\" class=\"yoast-schema-graph\">{\"@context\":\"https:\/\/schema.org\",\"@graph\":[{\"@type\":\"WebPage\",\"@id\":\"https:\/\/zhidmad.gob.ec\/azuay\/documentos-2014-2015\/\",\"url\":\"https:\/\/zhidmad.gob.ec\/azuay\/documentos-2014-2015\/\",\"name\":\"Documentos 2014 - GAD Parroquial de Zhidmad\",\"isPartOf\":{\"@id\":\"https:\/\/zhidmad.gob.ec\/azuay\/#website\"},\"datePublished\":\"2014-10-24T14:00:34+00:00\",\"dateModified\":\"2015-09-24T12:26:26+00:00\",\"breadcrumb\":{\"@id\":\"https:\/\/zhidmad.gob.ec\/azuay\/documentos-2014-2015\/#breadcrumb\"},\"inLanguage\":\"es\",\"potentialAction\":[{\"@type\":\"ReadAction\",\"target\":[\"https:\/\/zhidmad.gob.ec\/azuay\/documentos-2014-2015\/\"]}]},{\"@type\":\"BreadcrumbList\",\"@id\":\"https:\/\/zhidmad.gob.ec\/azuay\/documentos-2014-2015\/#breadcrumb\",\"itemListElement\":[{\"@type\":\"ListItem\",\"position\":1,\"name\":\"Home\",\"item\":\"https:\/\/zhidmad.gob.ec\/azuay\/\"},{\"@type\":\"ListItem\",\"position\":2,\"name\":\"Documentos 2014\"}]},{\"@type\":\"WebSite\",\"@id\":\"https:\/\/zhidmad.gob.ec\/azuay\/#website\",\"url\":\"https:\/\/zhidmad.gob.ec\/azuay\/\",\"name\":\"GAD Parroquial de Zhidmad\",\"description\":\"Sitio Oficial del GAD Parroquial Zhidmad Azuay\",\"publisher\":{\"@id\":\"https:\/\/zhidmad.gob.ec\/azuay\/#organization\"},\"potentialAction\":[{\"@type\":\"SearchAction\",\"target\":{\"@type\":\"EntryPoint\",\"urlTemplate\":\"https:\/\/zhidmad.gob.ec\/azuay\/?s={search_term_string}\"},\"query-input\":{\"@type\":\"PropertyValueSpecification\",\"valueRequired\":true,\"valueName\":\"search_term_string\"}}],\"inLanguage\":\"es\"},{\"@type\":\"Organization\",\"@id\":\"https:\/\/zhidmad.gob.ec\/azuay\/#organization\",\"name\":\"GAD Zhidmad\",\"url\":\"https:\/\/zhidmad.gob.ec\/azuay\/\",\"logo\":{\"@type\":\"ImageObject\",\"inLanguage\":\"es\",\"@id\":\"https:\/\/zhidmad.gob.ec\/azuay\/#\/schema\/logo\/image\/\",\"url\":\"https:\/\/zhidmad.gob.ec\/azuay\/wp-content\/uploads\/2020\/06\/logoFooter.png\",\"contentUrl\":\"https:\/\/zhidmad.gob.ec\/azuay\/wp-content\/uploads\/2020\/06\/logoFooter.png\",\"width\":200,\"height\":150,\"caption\":\"GAD Zhidmad\"},\"image\":{\"@id\":\"https:\/\/zhidmad.gob.ec\/azuay\/#\/schema\/logo\/image\/\"}}]}<\/script>\n<!-- \/ Yoast SEO plugin. -->","yoast_head_json":{"title":"Documentos 2014 - GAD Parroquial de Zhidmad","robots":{"index":"index","follow":"follow","max-snippet":"max-snippet:-1","max-image-preview":"max-image-preview:large","max-video-preview":"max-video-preview:-1"},"canonical":"https:\/\/zhidmad.gob.ec\/azuay\/documentos-2014-2015\/","og_locale":"es_ES","og_type":"article","og_title":"Documentos 2014 - GAD Parroquial de Zhidmad","og_description":"Art. 7.- Difusi\u00f3n de la Informaci\u00f3n P\u00fablica.- Por la transparencia en la gesti\u00f3n administrativa que est\u00e1n obligadas a observar todas las instituciones del Estado que conforman el sector p\u00fablico en los t\u00e9rminos del art\u00edculo 118 de la Constituci\u00f3n Pol\u00edtica de la Rep\u00fablica y dem\u00e1s entes se\u00f1alados en el art\u00edculo 1 de la presente Ley, difundir\u00e1n [&hellip;]","og_url":"https:\/\/zhidmad.gob.ec\/azuay\/documentos-2014-2015\/","og_site_name":"GAD Parroquial de Zhidmad","article_modified_time":"2015-09-24T12:26:26+00:00","twitter_card":"summary_large_image","twitter_misc":{"Tiempo de lectura":"4 minutos"},"schema":{"@context":"https:\/\/schema.org","@graph":[{"@type":"WebPage","@id":"https:\/\/zhidmad.gob.ec\/azuay\/documentos-2014-2015\/","url":"https:\/\/zhidmad.gob.ec\/azuay\/documentos-2014-2015\/","name":"Documentos 2014 - GAD Parroquial de Zhidmad","isPartOf":{"@id":"https:\/\/zhidmad.gob.ec\/azuay\/#website"},"datePublished":"2014-10-24T14:00:34+00:00","dateModified":"2015-09-24T12:26:26+00:00","breadcrumb":{"@id":"https:\/\/zhidmad.gob.ec\/azuay\/documentos-2014-2015\/#breadcrumb"},"inLanguage":"es","potentialAction":[{"@type":"ReadAction","target":["https:\/\/zhidmad.gob.ec\/azuay\/documentos-2014-2015\/"]}]},{"@type":"BreadcrumbList","@id":"https:\/\/zhidmad.gob.ec\/azuay\/documentos-2014-2015\/#breadcrumb","itemListElement":[{"@type":"ListItem","position":1,"name":"Home","item":"https:\/\/zhidmad.gob.ec\/azuay\/"},{"@type":"ListItem","position":2,"name":"Documentos 2014"}]},{"@type":"WebSite","@id":"https:\/\/zhidmad.gob.ec\/azuay\/#website","url":"https:\/\/zhidmad.gob.ec\/azuay\/","name":"GAD Parroquial de Zhidmad","description":"Sitio Oficial del GAD Parroquial Zhidmad Azuay","publisher":{"@id":"https:\/\/zhidmad.gob.ec\/azuay\/#organization"},"potentialAction":[{"@type":"SearchAction","target":{"@type":"EntryPoint","urlTemplate":"https:\/\/zhidmad.gob.ec\/azuay\/?s={search_term_string}"},"query-input":{"@type":"PropertyValueSpecification","valueRequired":true,"valueName":"search_term_string"}}],"inLanguage":"es"},{"@type":"Organization","@id":"https:\/\/zhidmad.gob.ec\/azuay\/#organization","name":"GAD Zhidmad","url":"https:\/\/zhidmad.gob.ec\/azuay\/","logo":{"@type":"ImageObject","inLanguage":"es","@id":"https:\/\/zhidmad.gob.ec\/azuay\/#\/schema\/logo\/image\/","url":"https:\/\/zhidmad.gob.ec\/azuay\/wp-content\/uploads\/2020\/06\/logoFooter.png","contentUrl":"https:\/\/zhidmad.gob.ec\/azuay\/wp-content\/uploads\/2020\/06\/logoFooter.png","width":200,"height":150,"caption":"GAD Zhidmad"},"image":{"@id":"https:\/\/zhidmad.gob.ec\/azuay\/#\/schema\/logo\/image\/"}}]}},"_links":{"self":[{"href":"https:\/\/zhidmad.gob.ec\/azuay\/wp-json\/wp\/v2\/pages\/56","targetHints":{"allow":["GET"]}}],"collection":[{"href":"https:\/\/zhidmad.gob.ec\/azuay\/wp-json\/wp\/v2\/pages"}],"about":[{"href":"https:\/\/zhidmad.gob.ec\/azuay\/wp-json\/wp\/v2\/types\/page"}],"author":[{"embeddable":true,"href":"https:\/\/zhidmad.gob.ec\/azuay\/wp-json\/wp\/v2\/users\/4"}],"replies":[{"embeddable":true,"href":"https:\/\/zhidmad.gob.ec\/azuay\/wp-json\/wp\/v2\/comments?post=56"}],"version-history":[{"count":21,"href":"https:\/\/zhidmad.gob.ec\/azuay\/wp-json\/wp\/v2\/pages\/56\/revisions"}],"predecessor-version":[{"id":387,"href":"https:\/\/zhidmad.gob.ec\/azuay\/wp-json\/wp\/v2\/pages\/56\/revisions\/387"}],"wp:attachment":[{"href":"https:\/\/zhidmad.gob.ec\/azuay\/wp-json\/wp\/v2\/media?parent=56"}],"curies":[{"name":"wp","href":"https:\/\/api.w.org\/{rel}","templated":true}]}}