{"id":23,"date":"2014-10-24T02:12:28","date_gmt":"2014-10-24T02:12:28","guid":{"rendered":"http:\/\/zhidmad.gob.ec\/azuay\/?page_id=23"},"modified":"2024-01-11T08:13:01","modified_gmt":"2024-01-11T12:13:01","slug":"contactenos","status":"publish","type":"page","link":"https:\/\/zhidmad.gob.ec\/azuay\/contactenos\/","title":{"rendered":"Cont\u00e1ctenos"},"content":{"rendered":"<table style=\"height: 55px;\" width=\"790\">\n<tbody>\n<tr>\n<td width=\"283\">\n<div class=\"wpcf7 no-js\" id=\"wpcf7-f1025-o1\" lang=\"es-ES\" dir=\"ltr\" data-wpcf7-id=\"1025\">\n<div class=\"screen-reader-response\"><p role=\"status\" aria-live=\"polite\" aria-atomic=\"true\"><\/p> <ul><\/ul><\/div>\n<form action=\"\/azuay\/wp-json\/wp\/v2\/pages\/23#wpcf7-f1025-o1\" method=\"post\" class=\"wpcf7-form init\" aria-label=\"Formulario de contacto\" novalidate=\"novalidate\" data-status=\"init\">\n<div style=\"display: none;\">\n<input type=\"hidden\" name=\"_wpcf7\" value=\"1025\" \/>\n<input type=\"hidden\" name=\"_wpcf7_version\" value=\"6.0.2\" \/>\n<input type=\"hidden\" name=\"_wpcf7_locale\" value=\"es_ES\" \/>\n<input type=\"hidden\" name=\"_wpcf7_unit_tag\" value=\"wpcf7-f1025-o1\" \/>\n<input type=\"hidden\" name=\"_wpcf7_container_post\" value=\"0\" \/>\n<input type=\"hidden\" name=\"_wpcf7_posted_data_hash\" value=\"\" \/>\n<input type=\"hidden\" name=\"_wpcf7_recaptcha_response\" value=\"\" \/>\n<\/div>\n<p><label> Nombre (requerido)<br \/>\n<span class=\"wpcf7-form-control-wrap\" data-name=\"your-name\"><input size=\"40\" maxlength=\"400\" class=\"wpcf7-form-control wpcf7-text wpcf7-validates-as-required\" aria-required=\"true\" aria-invalid=\"false\" value=\"\" type=\"text\" name=\"your-name\" \/><\/span> <\/label>\n<\/p>\n<p><label> Tu correo electr\u00f3nico (requerido)<br \/>\n<span class=\"wpcf7-form-control-wrap\" data-name=\"your-email\"><input size=\"40\" maxlength=\"400\" class=\"wpcf7-form-control wpcf7-email wpcf7-validates-as-required wpcf7-text wpcf7-validates-as-email\" aria-required=\"true\" aria-invalid=\"false\" value=\"\" type=\"email\" name=\"your-email\" \/><\/span> <\/label>\n<\/p>\n<p><label> Asunto<br \/>\n<span class=\"wpcf7-form-control-wrap\" data-name=\"your-subject\"><input size=\"40\" maxlength=\"400\" class=\"wpcf7-form-control wpcf7-text\" aria-invalid=\"false\" value=\"\" type=\"text\" name=\"your-subject\" \/><\/span> <\/label>\n<\/p>\n<p><label> Mensaje<br \/>\n<span class=\"wpcf7-form-control-wrap\" data-name=\"your-message\"><textarea cols=\"40\" rows=\"10\" maxlength=\"2000\" class=\"wpcf7-form-control wpcf7-textarea\" aria-invalid=\"false\" name=\"your-message\"><\/textarea><\/span> <\/label><br \/>\n<span class=\"wpcf7-form-control-wrap recaptcha\" data-name=\"recaptcha\"><span data-sitekey=\"6LdCWDoUAAAAADVjCHMXEMRrPsdhPsn9iQaZaeIh\" class=\"wpcf7-form-control wpcf7-recaptcha g-recaptcha\"><\/span>\r\n<noscript>\r\n\t<div class=\"grecaptcha-noscript\">\r\n\t\t<iframe loading=\"lazy\" src=\"https:\/\/www.google.com\/recaptcha\/api\/fallback?k=6LdCWDoUAAAAADVjCHMXEMRrPsdhPsn9iQaZaeIh\" frameborder=\"0\" scrolling=\"no\" width=\"310\" height=\"430\">\r\n\t\t<\/iframe>\r\n\t\t<textarea name=\"g-recaptcha-response\" rows=\"3\" cols=\"40\" placeholder=\"Aqu\u00ed la respuesta de reCAPTCHA\">\r\n\t\t<\/textarea>\r\n\t<\/div>\r\n<\/noscript>\r\n<\/span>\n<\/p>\n<p><input class=\"wpcf7-form-control wpcf7-submit has-spinner\" type=\"submit\" value=\"Enviar\" \/>\n<\/p><div class=\"wpcf7-response-output\" aria-hidden=\"true\"><\/div>\n<\/form>\n<\/div>\n<\/td>\n<td width=\"283\"><img loading=\"lazy\" decoding=\"async\" class=\"alignnone size-full wp-image-2282 aligncenter\" src=\"https:\/\/zhidmad.gob.ec\/azuay\/wp-content\/uploads\/2024\/01\/logoFooter.png\" alt=\"\" width=\"200\" height=\"150\" \/><\/p>\n<div style=\"text-align: center;\"><strong>HORARIO DE ATENCI\u00d3N AL P\u00daBLICO<\/strong><\/div>\n<div style=\"text-align: center;\">DE LUNES A VIERNES<\/div>\n<div style=\"text-align: center;\"><strong><em>PRIMERA\u00a0JORNADA<\/em><\/strong><\/div>\n<div style=\"text-align: center;\">ES DE 8H00 A13H00<\/div>\n<div style=\"text-align: center;\"><strong><em>SEGUNDA JORNADA<\/em><\/strong><\/div>\n<div style=\"text-align: center;\">14H00 A 17H00<\/div>\n<div>\n<p align=\"center\"><strong><em>\u00a0 \u00a0 \u00a0 \u00a0 \u00a0 \u00a0 \u00a0 \u00a0 \u00a0 <\/em><\/strong><strong style=\"font-family: inherit; font-size: inherit;\">DIRECCI\u00d3N: <\/strong><span style=\"font-family: inherit; font-size: inherit;\">VIA AL CEMENTERIO S\/N Y VIA A CUENCA (JUNTO A LA ESCUELA TOMAS ORDO\u00d1EZ)<\/span><\/p>\n<\/div>\n<p style=\"text-align: center;\"><strong>Telf:<\/strong>\u00a0072 329 018<\/p>\n<p style=\"text-align: center;\"><strong>email:<\/strong> gadzhidmad2000@gmail.com<\/p>\n<\/td>\n<\/tr>\n<\/tbody>\n<\/table>\n<p><img loading=\"lazy\" decoding=\"async\" class=\"aligncenter wp-image-2188 size-full\" src=\"https:\/\/zhidmad.gob.ec\/azuay\/wp-content\/uploads\/2011\/08\/WhatsApp-Image-2023-07-04-at-18.11.43.jpeg\" sizes=\"auto, (max-width: 775px) 100vw, 775px\" srcset=\"https:\/\/zhidmad.gob.ec\/azuay\/wp-content\/uploads\/2011\/08\/WhatsApp-Image-2023-07-04-at-18.11.43.jpeg 775w, https:\/\/zhidmad.gob.ec\/azuay\/wp-content\/uploads\/2011\/08\/WhatsApp-Image-2023-07-04-at-18.11.43-550x114.jpeg 550w, https:\/\/zhidmad.gob.ec\/azuay\/wp-content\/uploads\/2011\/08\/WhatsApp-Image-2023-07-04-at-18.11.43-768x159.jpeg 768w\" alt=\"\" width=\"775\" height=\"160\" \/><\/p>\n","protected":false},"excerpt":{"rendered":"<p>HORARIO DE ATENCI\u00d3N AL P\u00daBLICO DE LUNES A VIERNES PRIMERA\u00a0JORNADA ES DE 8H00 A13H00 SEGUNDA JORNADA 14H00 A 17H00 \u00a0 \u00a0 \u00a0 \u00a0 \u00a0 \u00a0 \u00a0 \u00a0 \u00a0 DIRECCI\u00d3N: VIA AL CEMENTERIO S\/N Y VIA A CUENCA (JUNTO A LA ESCUELA TOMAS ORDO\u00d1EZ) Telf:\u00a0072 329 018 email: gadzhidmad2000@gmail.com<\/p>\n","protected":false},"author":4,"featured_media":0,"parent":0,"menu_order":0,"comment_status":"closed","ping_status":"open","template":"","meta":{"footnotes":""},"class_list":["post-23","page","type-page","status-publish","hentry"],"yoast_head":"<!-- This site is optimized with the Yoast SEO plugin v24.1 - https:\/\/yoast.com\/wordpress\/plugins\/seo\/ -->\n<title>Cont\u00e1ctenos - GAD Parroquial de Zhidmad<\/title>\n<meta name=\"robots\" content=\"index, follow, max-snippet:-1, max-image-preview:large, max-video-preview:-1\" \/>\n<link rel=\"canonical\" href=\"https:\/\/zhidmad.gob.ec\/azuay\/contactenos\/\" \/>\n<meta property=\"og:locale\" content=\"es_ES\" \/>\n<meta property=\"og:type\" content=\"article\" \/>\n<meta property=\"og:title\" content=\"Cont\u00e1ctenos - GAD Parroquial de Zhidmad\" \/>\n<meta property=\"og:description\" content=\"HORARIO DE ATENCI\u00d3N AL P\u00daBLICO DE LUNES A VIERNES PRIMERA\u00a0JORNADA ES DE 8H00 A13H00 SEGUNDA JORNADA 14H00 A 17H00 \u00a0 \u00a0 \u00a0 \u00a0 \u00a0 \u00a0 \u00a0 \u00a0 \u00a0 DIRECCI\u00d3N: VIA AL CEMENTERIO S\/N Y VIA A CUENCA (JUNTO A LA ESCUELA TOMAS ORDO\u00d1EZ) Telf:\u00a0072 329 018 email: gadzhidmad2000@gmail.com\" \/>\n<meta property=\"og:url\" content=\"https:\/\/zhidmad.gob.ec\/azuay\/contactenos\/\" \/>\n<meta property=\"og:site_name\" content=\"GAD Parroquial de Zhidmad\" \/>\n<meta property=\"article:modified_time\" content=\"2024-01-11T12:13:01+00:00\" \/>\n<meta property=\"og:image\" content=\"https:\/\/zhidmad.gob.ec\/azuay\/wp-content\/uploads\/2024\/01\/logoFooter.png\" \/>\n<meta name=\"twitter:card\" content=\"summary_large_image\" \/>\n<meta name=\"twitter:label1\" content=\"Tiempo de lectura\" \/>\n\t<meta name=\"twitter:data1\" content=\"1 minuto\" \/>\n<script type=\"application\/ld+json\" class=\"yoast-schema-graph\">{\"@context\":\"https:\/\/schema.org\",\"@graph\":[{\"@type\":\"WebPage\",\"@id\":\"https:\/\/zhidmad.gob.ec\/azuay\/contactenos\/\",\"url\":\"https:\/\/zhidmad.gob.ec\/azuay\/contactenos\/\",\"name\":\"Cont\u00e1ctenos - GAD Parroquial de Zhidmad\",\"isPartOf\":{\"@id\":\"https:\/\/zhidmad.gob.ec\/azuay\/#website\"},\"primaryImageOfPage\":{\"@id\":\"https:\/\/zhidmad.gob.ec\/azuay\/contactenos\/#primaryimage\"},\"image\":{\"@id\":\"https:\/\/zhidmad.gob.ec\/azuay\/contactenos\/#primaryimage\"},\"thumbnailUrl\":\"https:\/\/zhidmad.gob.ec\/azuay\/wp-content\/uploads\/2024\/01\/logoFooter.png\",\"datePublished\":\"2014-10-24T02:12:28+00:00\",\"dateModified\":\"2024-01-11T12:13:01+00:00\",\"breadcrumb\":{\"@id\":\"https:\/\/zhidmad.gob.ec\/azuay\/contactenos\/#breadcrumb\"},\"inLanguage\":\"es\",\"potentialAction\":[{\"@type\":\"ReadAction\",\"target\":[\"https:\/\/zhidmad.gob.ec\/azuay\/contactenos\/\"]}]},{\"@type\":\"ImageObject\",\"inLanguage\":\"es\",\"@id\":\"https:\/\/zhidmad.gob.ec\/azuay\/contactenos\/#primaryimage\",\"url\":\"https:\/\/zhidmad.gob.ec\/azuay\/wp-content\/uploads\/2024\/01\/logoFooter.png\",\"contentUrl\":\"https:\/\/zhidmad.gob.ec\/azuay\/wp-content\/uploads\/2024\/01\/logoFooter.png\",\"width\":200,\"height\":150},{\"@type\":\"BreadcrumbList\",\"@id\":\"https:\/\/zhidmad.gob.ec\/azuay\/contactenos\/#breadcrumb\",\"itemListElement\":[{\"@type\":\"ListItem\",\"position\":1,\"name\":\"Home\",\"item\":\"https:\/\/zhidmad.gob.ec\/azuay\/\"},{\"@type\":\"ListItem\",\"position\":2,\"name\":\"Cont\u00e1ctenos\"}]},{\"@type\":\"WebSite\",\"@id\":\"https:\/\/zhidmad.gob.ec\/azuay\/#website\",\"url\":\"https:\/\/zhidmad.gob.ec\/azuay\/\",\"name\":\"GAD Parroquial de Zhidmad\",\"description\":\"Sitio Oficial del GAD Parroquial Zhidmad Azuay\",\"publisher\":{\"@id\":\"https:\/\/zhidmad.gob.ec\/azuay\/#organization\"},\"potentialAction\":[{\"@type\":\"SearchAction\",\"target\":{\"@type\":\"EntryPoint\",\"urlTemplate\":\"https:\/\/zhidmad.gob.ec\/azuay\/?s={search_term_string}\"},\"query-input\":{\"@type\":\"PropertyValueSpecification\",\"valueRequired\":true,\"valueName\":\"search_term_string\"}}],\"inLanguage\":\"es\"},{\"@type\":\"Organization\",\"@id\":\"https:\/\/zhidmad.gob.ec\/azuay\/#organization\",\"name\":\"GAD Zhidmad\",\"url\":\"https:\/\/zhidmad.gob.ec\/azuay\/\",\"logo\":{\"@type\":\"ImageObject\",\"inLanguage\":\"es\",\"@id\":\"https:\/\/zhidmad.gob.ec\/azuay\/#\/schema\/logo\/image\/\",\"url\":\"https:\/\/zhidmad.gob.ec\/azuay\/wp-content\/uploads\/2020\/06\/logoFooter.png\",\"contentUrl\":\"https:\/\/zhidmad.gob.ec\/azuay\/wp-content\/uploads\/2020\/06\/logoFooter.png\",\"width\":200,\"height\":150,\"caption\":\"GAD Zhidmad\"},\"image\":{\"@id\":\"https:\/\/zhidmad.gob.ec\/azuay\/#\/schema\/logo\/image\/\"}}]}<\/script>\n<!-- \/ Yoast SEO plugin. -->","yoast_head_json":{"title":"Cont\u00e1ctenos - GAD Parroquial de Zhidmad","robots":{"index":"index","follow":"follow","max-snippet":"max-snippet:-1","max-image-preview":"max-image-preview:large","max-video-preview":"max-video-preview:-1"},"canonical":"https:\/\/zhidmad.gob.ec\/azuay\/contactenos\/","og_locale":"es_ES","og_type":"article","og_title":"Cont\u00e1ctenos - GAD Parroquial de Zhidmad","og_description":"HORARIO DE ATENCI\u00d3N AL P\u00daBLICO DE LUNES A VIERNES PRIMERA\u00a0JORNADA ES DE 8H00 A13H00 SEGUNDA JORNADA 14H00 A 17H00 \u00a0 \u00a0 \u00a0 \u00a0 \u00a0 \u00a0 \u00a0 \u00a0 \u00a0 DIRECCI\u00d3N: VIA AL CEMENTERIO S\/N Y VIA A CUENCA (JUNTO A LA ESCUELA TOMAS ORDO\u00d1EZ) Telf:\u00a0072 329 018 email: gadzhidmad2000@gmail.com","og_url":"https:\/\/zhidmad.gob.ec\/azuay\/contactenos\/","og_site_name":"GAD Parroquial de Zhidmad","article_modified_time":"2024-01-11T12:13:01+00:00","og_image":[{"url":"https:\/\/zhidmad.gob.ec\/azuay\/wp-content\/uploads\/2024\/01\/logoFooter.png","type":"","width":"","height":""}],"twitter_card":"summary_large_image","twitter_misc":{"Tiempo de lectura":"1 minuto"},"schema":{"@context":"https:\/\/schema.org","@graph":[{"@type":"WebPage","@id":"https:\/\/zhidmad.gob.ec\/azuay\/contactenos\/","url":"https:\/\/zhidmad.gob.ec\/azuay\/contactenos\/","name":"Cont\u00e1ctenos - GAD Parroquial de Zhidmad","isPartOf":{"@id":"https:\/\/zhidmad.gob.ec\/azuay\/#website"},"primaryImageOfPage":{"@id":"https:\/\/zhidmad.gob.ec\/azuay\/contactenos\/#primaryimage"},"image":{"@id":"https:\/\/zhidmad.gob.ec\/azuay\/contactenos\/#primaryimage"},"thumbnailUrl":"https:\/\/zhidmad.gob.ec\/azuay\/wp-content\/uploads\/2024\/01\/logoFooter.png","datePublished":"2014-10-24T02:12:28+00:00","dateModified":"2024-01-11T12:13:01+00:00","breadcrumb":{"@id":"https:\/\/zhidmad.gob.ec\/azuay\/contactenos\/#breadcrumb"},"inLanguage":"es","potentialAction":[{"@type":"ReadAction","target":["https:\/\/zhidmad.gob.ec\/azuay\/contactenos\/"]}]},{"@type":"ImageObject","inLanguage":"es","@id":"https:\/\/zhidmad.gob.ec\/azuay\/contactenos\/#primaryimage","url":"https:\/\/zhidmad.gob.ec\/azuay\/wp-content\/uploads\/2024\/01\/logoFooter.png","contentUrl":"https:\/\/zhidmad.gob.ec\/azuay\/wp-content\/uploads\/2024\/01\/logoFooter.png","width":200,"height":150},{"@type":"BreadcrumbList","@id":"https:\/\/zhidmad.gob.ec\/azuay\/contactenos\/#breadcrumb","itemListElement":[{"@type":"ListItem","position":1,"name":"Home","item":"https:\/\/zhidmad.gob.ec\/azuay\/"},{"@type":"ListItem","position":2,"name":"Cont\u00e1ctenos"}]},{"@type":"WebSite","@id":"https:\/\/zhidmad.gob.ec\/azuay\/#website","url":"https:\/\/zhidmad.gob.ec\/azuay\/","name":"GAD Parroquial de Zhidmad","description":"Sitio Oficial del GAD Parroquial Zhidmad Azuay","publisher":{"@id":"https:\/\/zhidmad.gob.ec\/azuay\/#organization"},"potentialAction":[{"@type":"SearchAction","target":{"@type":"EntryPoint","urlTemplate":"https:\/\/zhidmad.gob.ec\/azuay\/?s={search_term_string}"},"query-input":{"@type":"PropertyValueSpecification","valueRequired":true,"valueName":"search_term_string"}}],"inLanguage":"es"},{"@type":"Organization","@id":"https:\/\/zhidmad.gob.ec\/azuay\/#organization","name":"GAD Zhidmad","url":"https:\/\/zhidmad.gob.ec\/azuay\/","logo":{"@type":"ImageObject","inLanguage":"es","@id":"https:\/\/zhidmad.gob.ec\/azuay\/#\/schema\/logo\/image\/","url":"https:\/\/zhidmad.gob.ec\/azuay\/wp-content\/uploads\/2020\/06\/logoFooter.png","contentUrl":"https:\/\/zhidmad.gob.ec\/azuay\/wp-content\/uploads\/2020\/06\/logoFooter.png","width":200,"height":150,"caption":"GAD Zhidmad"},"image":{"@id":"https:\/\/zhidmad.gob.ec\/azuay\/#\/schema\/logo\/image\/"}}]}},"_links":{"self":[{"href":"https:\/\/zhidmad.gob.ec\/azuay\/wp-json\/wp\/v2\/pages\/23","targetHints":{"allow":["GET"]}}],"collection":[{"href":"https:\/\/zhidmad.gob.ec\/azuay\/wp-json\/wp\/v2\/pages"}],"about":[{"href":"https:\/\/zhidmad.gob.ec\/azuay\/wp-json\/wp\/v2\/types\/page"}],"author":[{"embeddable":true,"href":"https:\/\/zhidmad.gob.ec\/azuay\/wp-json\/wp\/v2\/users\/4"}],"replies":[{"embeddable":true,"href":"https:\/\/zhidmad.gob.ec\/azuay\/wp-json\/wp\/v2\/comments?post=23"}],"version-history":[{"count":9,"href":"https:\/\/zhidmad.gob.ec\/azuay\/wp-json\/wp\/v2\/pages\/23\/revisions"}],"predecessor-version":[{"id":2283,"href":"https:\/\/zhidmad.gob.ec\/azuay\/wp-json\/wp\/v2\/pages\/23\/revisions\/2283"}],"wp:attachment":[{"href":"https:\/\/zhidmad.gob.ec\/azuay\/wp-json\/wp\/v2\/media?parent=23"}],"curies":[{"name":"wp","href":"https:\/\/api.w.org\/{rel}","templated":true}]}}