{"id":1768,"date":"2022-02-02T17:06:10","date_gmt":"2022-02-02T21:06:10","guid":{"rendered":"https:\/\/zhidmad.gob.ec\/azuay\/?page_id=1768"},"modified":"2022-02-02T17:16:35","modified_gmt":"2022-02-02T21:16:35","slug":"impuesto-predial","status":"publish","type":"page","link":"https:\/\/zhidmad.gob.ec\/azuay\/impuesto-predial\/","title":{"rendered":"Impuesto Predial"},"content":{"rendered":"<h1 style=\"text-align: center;\"><strong>CONSULTA DEUDAS<\/strong><\/h1>\n<h3>INSTRUCCIONES<\/h3>\n<h3><span style=\"color: #ff0000;\">1. Ingrese el n\u00famero de c\u00e9dula del ciudadano<\/span><\/h3>\n<h3><span style=\"color: #ff0000;\">2. <em><strong>Buscar<\/strong><\/em><\/span><\/h3>\n<h3><span style=\"color: #ff0000;\">3. Podr\u00e1 visualizar la deuda <\/span><\/h3>\n<h3>Para mayor informaci\u00f3n comunicarse al (072) 2329018<\/h3>\n<p style=\"text-align: center;\"><iframe loading=\"lazy\" src=\"https:\/\/gualaceo.saga.ec\/consultas\/\" width=\"1000\" height=\"800\" frameborder=\"1\" scrolling=\"auto\"><\/iframe><\/p>\n<div id=\"s3gt_translate_tooltip_mini\" class=\"s3gt_translate_tooltip_mini_box\" style=\"background: initial !important; border: initial !important; border-radius: initial !important; border-spacing: initial !important; border-collapse: initial !important; direction: ltr !important; flex-direction: initial !important; font-weight: initial !important; height: initial !important; letter-spacing: initial !important; min-width: initial !important; max-width: initial !important; min-height: initial !important; max-height: initial !important; margin: auto !important; outline: initial !important; padding: initial !important; position: absolute; table-layout: initial !important; text-align: initial !important; text-shadow: initial !important; width: initial !important; word-break: initial !important; word-spacing: initial !important; overflow-wrap: initial !important; box-sizing: initial !important; display: initial !important; color: inherit !important; font-size: 13px !important; font-family: X-LocaleSpecific, sans-serif, Tahoma, Helvetica !important; line-height: 13px !important; vertical-align: top !important; white-space: inherit !important; left: 996px; top: 1317px; opacity: 0;\">\n<div id=\"s3gt_translate_tooltip_mini_logo\" class=\"s3gt_translate_tooltip_mini\" title=\"Traducir texto seleccionado\"><\/div>\n<div id=\"s3gt_translate_tooltip_mini_sound\" class=\"s3gt_translate_tooltip_mini\" title=\"Escuchar\"><\/div>\n<div id=\"s3gt_translate_tooltip_mini_copy\" class=\"s3gt_translate_tooltip_mini\" title=\"Copiar texto al Portapapeles\"><\/div>\n<\/div>\n","protected":false},"excerpt":{"rendered":"<p>CONSULTA DEUDAS INSTRUCCIONES 1. Ingrese el n\u00famero de c\u00e9dula del ciudadano 2. Buscar 3. Podr\u00e1 visualizar la deuda Para mayor informaci\u00f3n comunicarse al (072) 2329018<\/p>\n","protected":false},"author":4,"featured_media":0,"parent":0,"menu_order":0,"comment_status":"closed","ping_status":"closed","template":"","meta":{"footnotes":""},"class_list":["post-1768","page","type-page","status-publish","hentry"],"yoast_head":"<!-- This site is optimized with the Yoast SEO plugin v24.1 - https:\/\/yoast.com\/wordpress\/plugins\/seo\/ -->\n<title>Impuesto Predial - GAD Parroquial de Zhidmad<\/title>\n<meta name=\"robots\" content=\"index, follow, max-snippet:-1, max-image-preview:large, max-video-preview:-1\" \/>\n<link rel=\"canonical\" href=\"https:\/\/zhidmad.gob.ec\/azuay\/impuesto-predial\/\" \/>\n<meta property=\"og:locale\" content=\"es_ES\" \/>\n<meta property=\"og:type\" content=\"article\" \/>\n<meta property=\"og:title\" content=\"Impuesto Predial - GAD Parroquial de Zhidmad\" \/>\n<meta property=\"og:description\" content=\"CONSULTA DEUDAS INSTRUCCIONES 1. Ingrese el n\u00famero de c\u00e9dula del ciudadano 2. Buscar 3. Podr\u00e1 visualizar la deuda Para mayor informaci\u00f3n comunicarse al (072) 2329018\" \/>\n<meta property=\"og:url\" content=\"https:\/\/zhidmad.gob.ec\/azuay\/impuesto-predial\/\" \/>\n<meta property=\"og:site_name\" content=\"GAD Parroquial de Zhidmad\" \/>\n<meta property=\"article:modified_time\" content=\"2022-02-02T21:16:35+00:00\" \/>\n<meta name=\"twitter:card\" content=\"summary_large_image\" \/>\n<meta name=\"twitter:label1\" content=\"Tiempo de lectura\" \/>\n\t<meta name=\"twitter:data1\" content=\"1 minuto\" \/>\n<script type=\"application\/ld+json\" class=\"yoast-schema-graph\">{\"@context\":\"https:\/\/schema.org\",\"@graph\":[{\"@type\":\"WebPage\",\"@id\":\"https:\/\/zhidmad.gob.ec\/azuay\/impuesto-predial\/\",\"url\":\"https:\/\/zhidmad.gob.ec\/azuay\/impuesto-predial\/\",\"name\":\"Impuesto Predial - GAD Parroquial de Zhidmad\",\"isPartOf\":{\"@id\":\"https:\/\/zhidmad.gob.ec\/azuay\/#website\"},\"datePublished\":\"2022-02-02T21:06:10+00:00\",\"dateModified\":\"2022-02-02T21:16:35+00:00\",\"breadcrumb\":{\"@id\":\"https:\/\/zhidmad.gob.ec\/azuay\/impuesto-predial\/#breadcrumb\"},\"inLanguage\":\"es\",\"potentialAction\":[{\"@type\":\"ReadAction\",\"target\":[\"https:\/\/zhidmad.gob.ec\/azuay\/impuesto-predial\/\"]}]},{\"@type\":\"BreadcrumbList\",\"@id\":\"https:\/\/zhidmad.gob.ec\/azuay\/impuesto-predial\/#breadcrumb\",\"itemListElement\":[{\"@type\":\"ListItem\",\"position\":1,\"name\":\"Home\",\"item\":\"https:\/\/zhidmad.gob.ec\/azuay\/\"},{\"@type\":\"ListItem\",\"position\":2,\"name\":\"Impuesto Predial\"}]},{\"@type\":\"WebSite\",\"@id\":\"https:\/\/zhidmad.gob.ec\/azuay\/#website\",\"url\":\"https:\/\/zhidmad.gob.ec\/azuay\/\",\"name\":\"GAD Parroquial de Zhidmad\",\"description\":\"Sitio Oficial del GAD Parroquial Zhidmad Azuay\",\"publisher\":{\"@id\":\"https:\/\/zhidmad.gob.ec\/azuay\/#organization\"},\"potentialAction\":[{\"@type\":\"SearchAction\",\"target\":{\"@type\":\"EntryPoint\",\"urlTemplate\":\"https:\/\/zhidmad.gob.ec\/azuay\/?s={search_term_string}\"},\"query-input\":{\"@type\":\"PropertyValueSpecification\",\"valueRequired\":true,\"valueName\":\"search_term_string\"}}],\"inLanguage\":\"es\"},{\"@type\":\"Organization\",\"@id\":\"https:\/\/zhidmad.gob.ec\/azuay\/#organization\",\"name\":\"GAD Zhidmad\",\"url\":\"https:\/\/zhidmad.gob.ec\/azuay\/\",\"logo\":{\"@type\":\"ImageObject\",\"inLanguage\":\"es\",\"@id\":\"https:\/\/zhidmad.gob.ec\/azuay\/#\/schema\/logo\/image\/\",\"url\":\"https:\/\/zhidmad.gob.ec\/azuay\/wp-content\/uploads\/2020\/06\/logoFooter.png\",\"contentUrl\":\"https:\/\/zhidmad.gob.ec\/azuay\/wp-content\/uploads\/2020\/06\/logoFooter.png\",\"width\":200,\"height\":150,\"caption\":\"GAD Zhidmad\"},\"image\":{\"@id\":\"https:\/\/zhidmad.gob.ec\/azuay\/#\/schema\/logo\/image\/\"}}]}<\/script>\n<!-- \/ Yoast SEO plugin. -->","yoast_head_json":{"title":"Impuesto Predial - GAD Parroquial de Zhidmad","robots":{"index":"index","follow":"follow","max-snippet":"max-snippet:-1","max-image-preview":"max-image-preview:large","max-video-preview":"max-video-preview:-1"},"canonical":"https:\/\/zhidmad.gob.ec\/azuay\/impuesto-predial\/","og_locale":"es_ES","og_type":"article","og_title":"Impuesto Predial - GAD Parroquial de Zhidmad","og_description":"CONSULTA DEUDAS INSTRUCCIONES 1. Ingrese el n\u00famero de c\u00e9dula del ciudadano 2. Buscar 3. Podr\u00e1 visualizar la deuda Para mayor informaci\u00f3n comunicarse al (072) 2329018","og_url":"https:\/\/zhidmad.gob.ec\/azuay\/impuesto-predial\/","og_site_name":"GAD Parroquial de Zhidmad","article_modified_time":"2022-02-02T21:16:35+00:00","twitter_card":"summary_large_image","twitter_misc":{"Tiempo de lectura":"1 minuto"},"schema":{"@context":"https:\/\/schema.org","@graph":[{"@type":"WebPage","@id":"https:\/\/zhidmad.gob.ec\/azuay\/impuesto-predial\/","url":"https:\/\/zhidmad.gob.ec\/azuay\/impuesto-predial\/","name":"Impuesto Predial - GAD Parroquial de Zhidmad","isPartOf":{"@id":"https:\/\/zhidmad.gob.ec\/azuay\/#website"},"datePublished":"2022-02-02T21:06:10+00:00","dateModified":"2022-02-02T21:16:35+00:00","breadcrumb":{"@id":"https:\/\/zhidmad.gob.ec\/azuay\/impuesto-predial\/#breadcrumb"},"inLanguage":"es","potentialAction":[{"@type":"ReadAction","target":["https:\/\/zhidmad.gob.ec\/azuay\/impuesto-predial\/"]}]},{"@type":"BreadcrumbList","@id":"https:\/\/zhidmad.gob.ec\/azuay\/impuesto-predial\/#breadcrumb","itemListElement":[{"@type":"ListItem","position":1,"name":"Home","item":"https:\/\/zhidmad.gob.ec\/azuay\/"},{"@type":"ListItem","position":2,"name":"Impuesto Predial"}]},{"@type":"WebSite","@id":"https:\/\/zhidmad.gob.ec\/azuay\/#website","url":"https:\/\/zhidmad.gob.ec\/azuay\/","name":"GAD Parroquial de Zhidmad","description":"Sitio Oficial del GAD Parroquial Zhidmad Azuay","publisher":{"@id":"https:\/\/zhidmad.gob.ec\/azuay\/#organization"},"potentialAction":[{"@type":"SearchAction","target":{"@type":"EntryPoint","urlTemplate":"https:\/\/zhidmad.gob.ec\/azuay\/?s={search_term_string}"},"query-input":{"@type":"PropertyValueSpecification","valueRequired":true,"valueName":"search_term_string"}}],"inLanguage":"es"},{"@type":"Organization","@id":"https:\/\/zhidmad.gob.ec\/azuay\/#organization","name":"GAD Zhidmad","url":"https:\/\/zhidmad.gob.ec\/azuay\/","logo":{"@type":"ImageObject","inLanguage":"es","@id":"https:\/\/zhidmad.gob.ec\/azuay\/#\/schema\/logo\/image\/","url":"https:\/\/zhidmad.gob.ec\/azuay\/wp-content\/uploads\/2020\/06\/logoFooter.png","contentUrl":"https:\/\/zhidmad.gob.ec\/azuay\/wp-content\/uploads\/2020\/06\/logoFooter.png","width":200,"height":150,"caption":"GAD Zhidmad"},"image":{"@id":"https:\/\/zhidmad.gob.ec\/azuay\/#\/schema\/logo\/image\/"}}]}},"_links":{"self":[{"href":"https:\/\/zhidmad.gob.ec\/azuay\/wp-json\/wp\/v2\/pages\/1768","targetHints":{"allow":["GET"]}}],"collection":[{"href":"https:\/\/zhidmad.gob.ec\/azuay\/wp-json\/wp\/v2\/pages"}],"about":[{"href":"https:\/\/zhidmad.gob.ec\/azuay\/wp-json\/wp\/v2\/types\/page"}],"author":[{"embeddable":true,"href":"https:\/\/zhidmad.gob.ec\/azuay\/wp-json\/wp\/v2\/users\/4"}],"replies":[{"embeddable":true,"href":"https:\/\/zhidmad.gob.ec\/azuay\/wp-json\/wp\/v2\/comments?post=1768"}],"version-history":[{"count":3,"href":"https:\/\/zhidmad.gob.ec\/azuay\/wp-json\/wp\/v2\/pages\/1768\/revisions"}],"predecessor-version":[{"id":1776,"href":"https:\/\/zhidmad.gob.ec\/azuay\/wp-json\/wp\/v2\/pages\/1768\/revisions\/1776"}],"wp:attachment":[{"href":"https:\/\/zhidmad.gob.ec\/azuay\/wp-json\/wp\/v2\/media?parent=1768"}],"curies":[{"name":"wp","href":"https:\/\/api.w.org\/{rel}","templated":true}]}}