{"id":1281,"date":"2019-02-12T07:06:21","date_gmt":"2019-02-12T11:06:21","guid":{"rendered":"http:\/\/zhidmad.gob.ec\/azuay\/?page_id=1281"},"modified":"2020-11-26T12:00:38","modified_gmt":"2020-11-26T16:00:38","slug":"rendicion-de-cuentas-2019","status":"publish","type":"page","link":"https:\/\/zhidmad.gob.ec\/azuay\/rendicion-de-cuentas-2019\/","title":{"rendered":"Rendici\u00f3n de Cuentas 2019"},"content":{"rendered":"<p><a href=\"https:\/\/zhidmad.gob.ec\/azuay\/wp-content\/uploads\/2020\/11\/ACTA-RENDICION-SESION-DE-RENDICION-DE-CUENTAS.pdf\">ACTA RENDICION SESION DE RENDICION DE CUENTAS<\/a><\/p>\n<p><a href=\"https:\/\/zhidmad.gob.ec\/azuay\/wp-content\/uploads\/2020\/11\/Gestion-consorcio-Aguarongo.pdf\">Gestion consorcio Aguarongo<\/a><\/p>\n<p><a href=\"https:\/\/zhidmad.gob.ec\/azuay\/wp-content\/uploads\/2020\/11\/Gestion-terrenos-de-Tari.pdf\">Gestion terrenos de Tari<\/a><\/p>\n<p><a href=\"https:\/\/zhidmad.gob.ec\/azuay\/wp-content\/uploads\/2020\/11\/OFICIO-DE-APROBACION-RENDICIION-DE-CUENTAS.pdf\">OFICIO DE APROBACION RENDICIION DE CUENTAS<\/a><\/p>\n<p><a href=\"https:\/\/zhidmad.gob.ec\/azuay\/wp-content\/uploads\/2020\/10\/ACTA-DE-ENTREGA-Y-CONOCIMIENTO-DE-INFORME-PRELIMINAR.pdf\">ACTA DE ENTREGA Y CONOCIMIENTO DE INFORME PRELIMINAR<\/a><\/p>\n<p><a href=\"https:\/\/zhidmad.gob.ec\/azuay\/wp-content\/uploads\/2020\/10\/COMPROMISOS-CIUDADANOS.pdf\">COMPROMISOS CIUDADANOS<\/a><\/p>\n<p><a href=\"https:\/\/zhidmad.gob.ec\/azuay\/wp-content\/uploads\/2020\/10\/CONFORMACION-EQUIPO-MIXTO.pdf\">CONFORMACION EQUIPO MIXTO<\/a><\/p>\n<p><a href=\"https:\/\/zhidmad.gob.ec\/azuay\/wp-content\/uploads\/2020\/10\/DOCUMENTO-NARRATIVO-rendici\u00f2n-de-cuentas-A\u00d1O-2019.pdf\">DOCUMENTO NARRATIVO rendici\u00f2n de cuentas A\u00d1O 2019<\/a><\/p>\n<p><a href=\"https:\/\/zhidmad.gob.ec\/azuay\/wp-content\/uploads\/2020\/10\/EVALUACION-GESTION-INSTITUCIONAL.pdf\">EVALUACION GESTION INSTITUCIONAL<\/a><\/p>\n<p><a href=\"https:\/\/zhidmad.gob.ec\/azuay\/wp-content\/uploads\/2020\/10\/INFORME-TECNICO-EONOMICO-justificaci\u00f2n-de-no-ejecuci\u00f2n-de-proyectos.pdf\">INFORME TECNICO-EONOMICO<\/a><\/p>\n<p><a href=\"https:\/\/zhidmad.gob.ec\/azuay\/wp-content\/uploads\/2020\/10\/INFORME-TECNICO-EONOMICO-justificaci\u00f2n-de-no-ejecuci\u00f2n-de-proyectos.pdf\"> justificaci\u00f2n de no ejecuci\u00f2n de proyectos<\/a><\/p>\n<p><a href=\"https:\/\/zhidmad.gob.ec\/azuay\/wp-content\/uploads\/2020\/10\/MEMORIA-DE-DELIBERACI\u00d2N-10-10-2020.pdf\">MEMORIA DE DELIBERACI\u00d2N 10-10-2020<\/a><\/p>\n<p><a href=\"https:\/\/zhidmad.gob.ec\/azuay\/wp-content\/uploads\/2020\/10\/OFICIO-CERTIFICA-QUE-RESPONDE-DEMANDAS-CIUDADANAS.pdf\">OFICIO CERTIFICA QUE RESPONDE DEMANDAS CIUDADANAS<\/a><\/p>\n<p><a href=\"https:\/\/zhidmad.gob.ec\/azuay\/wp-content\/uploads\/2020\/10\/OFICIO-DE-CONSULTAS-CIUDADANAS.pdf\">OFICIO DE CONSULTAS CIUDADANAS<\/a><\/p>\n<p><a href=\"https:\/\/zhidmad.gob.ec\/azuay\/wp-content\/uploads\/2020\/10\/PLAN-TRABAJO-PRESIDENTE-ZHIDMAD-2019-2023.pdf\">PLAN TRABAJO PRESIDENTE ZHIDMAD 2019-2023<\/a><\/p>\n<p><a href=\"https:\/\/zhidmad.gob.ec\/azuay\/wp-content\/uploads\/2020\/10\/ACTA-DE-PRIORIZACION-DE-OBRAS-1.pdf\">ACTA DE PRIORIZACION DE OBRAS<\/a><\/p>\n<p><a href=\"https:\/\/zhidmad.gob.ec\/azuay\/wp-content\/uploads\/2020\/10\/AUDIENCIA-PUBLICA.pdf\">AUDIENCIA PUBLICA<\/a><\/p>\n<p><a href=\"https:\/\/zhidmad.gob.ec\/azuay\/wp-content\/uploads\/2020\/10\/CONCEJO-DE-PARTICIPACION-CIUDADANA-Y-CONTROL-SOCIAL.pdf\">CONCEJO DE PARTICIPACION CIUDADANA Y CONTROL SOCIAL<\/a><\/p>\n<p><a href=\"https:\/\/zhidmad.gob.ec\/azuay\/wp-content\/uploads\/2020\/10\/CONCEJO-DE-PLANIFICACION.pdf\">CONCEJO DE PLANIFICACION<\/a><\/p>\n<p><a href=\"https:\/\/zhidmad.gob.ec\/azuay\/wp-content\/uploads\/2020\/10\/INVITACION-RENDICION-DE-CUENTAS.pdf\">INVITACION RENDICION DE CUENTAS<\/a><\/p>\n<p><a href=\"https:\/\/zhidmad.gob.ec\/azuay\/wp-content\/uploads\/2020\/10\/Mejoramiento-y-dotaci\u00f3n-de-la-accesibilidad-territorial-1.pdf\">Mejoramiento y dotaci\u00f3n de la accesibilidad territorial<\/a><\/p>\n<p><a href=\"https:\/\/zhidmad.gob.ec\/azuay\/wp-content\/uploads\/2020\/10\/REGISTRO-DE-ASISTENCIA-RENDICION-DE-CUENTAS.pdf\">REGISTRO DE ASISTENCIA RENDICION DE CUENTAS<\/a><\/p>\n<p><a href=\"https:\/\/zhidmad.gob.ec\/azuay\/wp-content\/uploads\/2020\/10\/Equipamientos-Comunitarios-Dise\u00f1o-planificaci\u00f3n-y-fiscalizaci\u00f3n.pdf\">Equipamientos Comunitarios Dise\u00f1o, planificaci\u00f3n y fiscalizaci\u00f3n<\/a><\/p>\n<p><a href=\"https:\/\/zhidmad.gob.ec\/azuay\/wp-content\/uploads\/2020\/10\/Mejoramiento-y-dotaci\u00f3n-de-la-accesibilidad-territorial.pdf\">Mejoramiento y dotaci\u00f3n de la accesibilidad territorial<\/a><\/p>\n<p><a href=\"https:\/\/zhidmad.gob.ec\/azuay\/wp-content\/uploads\/2020\/10\/ACTA-DE-PRIORIZACION-DE-OBRAS.pdf\">ACTA DE PRIORIZACION DE OBRAS<\/a><\/p>\n<p><a href=\"https:\/\/zhidmad.gob.ec\/azuay\/wp-content\/uploads\/2020\/10\/ACTA-ASAMBLEA-GENERAL-PRESUPUESTO.pdf\">ACTA ASAMBLEA GENERAL PRESUPUESTO<\/a><\/p>\n<p><a href=\"https:\/\/zhidmad.gob.ec\/azuay\/wp-content\/uploads\/2020\/10\/Escritura-terreno-de-la-comunidad-de-Monjas.pdf\">Escritura del terreno para el equipamiento comunitario\u00a0 de la comunidad de Monjas<\/a><\/p>\n<p><a href=\"https:\/\/zhidmad.gob.ec\/azuay\/wp-content\/uploads\/2020\/10\/Acta-de-entrega-Recepcion-Mantenimiento-vial-Tasa-Solidaria-2018.pdf\">Acta de entrega Recepcion Mantenimiento vial Tasa Solidaria 2018.<\/a><\/p>\n<p><a href=\"https:\/\/zhidmad.gob.ec\/azuay\/wp-content\/uploads\/2020\/10\/Acta-entrega-recepcion-definitiva-Cementerio.pdf\">Acta entrega recepcion definitiva Cementerio.<\/a><\/p>\n<p><a href=\"https:\/\/zhidmad.gob.ec\/azuay\/wp-content\/uploads\/2020\/10\/Contrato-operador-de-Tractor-Agricola..pdf\">Contrato operador de Tractor Agricola.<\/a><\/p>\n<p><a href=\"https:\/\/zhidmad.gob.ec\/azuay\/wp-content\/uploads\/2020\/10\/Documetacion-contrucci\u00f3n-Garaje-Parroquial.pdf\">Documentacion contrucci\u00f3n Garaje Parroquial.<\/a><\/p>\n<p><a href=\"https:\/\/zhidmad.gob.ec\/azuay\/wp-content\/uploads\/2020\/10\/Informe-Colonia-vacacional-2019.pdf\">Informe Colonia vacacional 2019<\/a><\/p>\n<p><a href=\"https:\/\/zhidmad.gob.ec\/azuay\/wp-content\/uploads\/2020\/10\/Transferencia-de-recursos-Consorcio-Aguarongo.pdf\">Transferencia de recursos Consorcio Aguarongo.<\/a><\/p>\n<p><a href=\"https:\/\/zhidmad.gob.ec\/azuay\/wp-content\/uploads\/2020\/10\/Acta-de-entrega-recepcion-Cancha-de-chico-Lalcote-1.pdf\">Acta de entrega recepcion Cancha de chico Lalcote.<\/a><\/p>\n<p><a href=\"https:\/\/zhidmad.gob.ec\/azuay\/wp-content\/uploads\/2020\/10\/contrato-Plan-de-Manejo-Ambiental.pdf\">contrato Plan de Manejo Ambiental<\/a><\/p>\n<p><a href=\"https:\/\/zhidmad.gob.ec\/azuay\/wp-content\/uploads\/2020\/10\/Convenio-alcabntarillado-Gordeleg.pdf\">Convenio alcantarillado comunidad de Gordeleg.<\/a><\/p>\n<p><a href=\"https:\/\/zhidmad.gob.ec\/azuay\/wp-content\/uploads\/2020\/10\/Convenio-Atencio\u00f3n-integral-Adultos-Mayores.pdf\">Convenio Atencio\u00f3n integral Adultos Mayores.<\/a><\/p>\n<p><a href=\"https:\/\/zhidmad.gob.ec\/azuay\/wp-content\/uploads\/2020\/10\/Convenio-proyecto-MIES.pdf\">Convenio proyecto MIES<\/a><\/p>\n<p><a href=\"https:\/\/zhidmad.gob.ec\/azuay\/wp-content\/uploads\/2020\/10\/Proyecto-Aiversario-Parroquial.pdf\">Proyecto Aniversario Parroquial.<\/a><\/p>\n<p><a href=\"http:\/\/zhidmad.gob.ec\/azuay\/wp-content\/uploads\/2019\/12\/REPORTE-SIGAD-PRIMER-TRIMESTRE7780.pdf\">REPORTE SIGAD PRIMER TRIMESTRE <\/a><\/p>\n<p><a href=\"http:\/\/zhidmad.gob.ec\/azuay\/wp-content\/uploads\/2019\/12\/REPORTE-SIGAD-PRIMER-TRIMESTRE7780.pdf\">SIGAD 2019<\/a><\/p>\n<p><a href=\"http:\/\/zhidmad.gob.ec\/azuay\/wp-content\/uploads\/2019\/12\/POA-2019-1.pdf\">POA 2019<\/a><\/p>\n","protected":false},"excerpt":{"rendered":"<p>ACTA RENDICION SESION DE RENDICION DE CUENTAS Gestion consorcio Aguarongo Gestion terrenos de Tari OFICIO DE APROBACION RENDICIION DE CUENTAS ACTA DE ENTREGA Y CONOCIMIENTO DE INFORME PRELIMINAR COMPROMISOS CIUDADANOS CONFORMACION EQUIPO MIXTO DOCUMENTO NARRATIVO rendici\u00f2n de cuentas A\u00d1O 2019 EVALUACION GESTION INSTITUCIONAL INFORME TECNICO-EONOMICO justificaci\u00f2n de no ejecuci\u00f2n de proyectos MEMORIA DE DELIBERACI\u00d2N 10-10-2020 [&hellip;]<\/p>\n","protected":false},"author":4,"featured_media":0,"parent":0,"menu_order":0,"comment_status":"closed","ping_status":"closed","template":"","meta":{"footnotes":""},"class_list":["post-1281","page","type-page","status-publish","hentry"],"yoast_head":"<!-- This site is optimized with the Yoast SEO plugin v24.1 - https:\/\/yoast.com\/wordpress\/plugins\/seo\/ -->\n<title>Rendici\u00f3n de Cuentas 2019 - GAD Parroquial de Zhidmad<\/title>\n<meta name=\"robots\" content=\"index, follow, max-snippet:-1, max-image-preview:large, max-video-preview:-1\" \/>\n<link rel=\"canonical\" href=\"https:\/\/zhidmad.gob.ec\/azuay\/rendicion-de-cuentas-2019\/\" \/>\n<meta property=\"og:locale\" content=\"es_ES\" \/>\n<meta property=\"og:type\" content=\"article\" \/>\n<meta property=\"og:title\" content=\"Rendici\u00f3n de Cuentas 2019 - GAD Parroquial de Zhidmad\" \/>\n<meta property=\"og:description\" content=\"ACTA RENDICION SESION DE RENDICION DE CUENTAS Gestion consorcio Aguarongo Gestion terrenos de Tari OFICIO DE APROBACION RENDICIION DE CUENTAS ACTA DE ENTREGA Y CONOCIMIENTO DE INFORME PRELIMINAR COMPROMISOS CIUDADANOS CONFORMACION EQUIPO MIXTO DOCUMENTO NARRATIVO rendici\u00f2n de cuentas A\u00d1O 2019 EVALUACION GESTION INSTITUCIONAL INFORME TECNICO-EONOMICO justificaci\u00f2n de no ejecuci\u00f2n de proyectos MEMORIA DE DELIBERACI\u00d2N 10-10-2020 [&hellip;]\" \/>\n<meta property=\"og:url\" content=\"https:\/\/zhidmad.gob.ec\/azuay\/rendicion-de-cuentas-2019\/\" \/>\n<meta property=\"og:site_name\" content=\"GAD Parroquial de Zhidmad\" \/>\n<meta property=\"article:modified_time\" content=\"2020-11-26T16:00:38+00:00\" \/>\n<meta name=\"twitter:card\" content=\"summary_large_image\" \/>\n<meta name=\"twitter:label1\" content=\"Tiempo de lectura\" \/>\n\t<meta name=\"twitter:data1\" content=\"1 minuto\" \/>\n<script type=\"application\/ld+json\" class=\"yoast-schema-graph\">{\"@context\":\"https:\/\/schema.org\",\"@graph\":[{\"@type\":\"WebPage\",\"@id\":\"https:\/\/zhidmad.gob.ec\/azuay\/rendicion-de-cuentas-2019\/\",\"url\":\"https:\/\/zhidmad.gob.ec\/azuay\/rendicion-de-cuentas-2019\/\",\"name\":\"Rendici\u00f3n de Cuentas 2019 - GAD Parroquial de Zhidmad\",\"isPartOf\":{\"@id\":\"https:\/\/zhidmad.gob.ec\/azuay\/#website\"},\"datePublished\":\"2019-02-12T11:06:21+00:00\",\"dateModified\":\"2020-11-26T16:00:38+00:00\",\"breadcrumb\":{\"@id\":\"https:\/\/zhidmad.gob.ec\/azuay\/rendicion-de-cuentas-2019\/#breadcrumb\"},\"inLanguage\":\"es\",\"potentialAction\":[{\"@type\":\"ReadAction\",\"target\":[\"https:\/\/zhidmad.gob.ec\/azuay\/rendicion-de-cuentas-2019\/\"]}]},{\"@type\":\"BreadcrumbList\",\"@id\":\"https:\/\/zhidmad.gob.ec\/azuay\/rendicion-de-cuentas-2019\/#breadcrumb\",\"itemListElement\":[{\"@type\":\"ListItem\",\"position\":1,\"name\":\"Home\",\"item\":\"https:\/\/zhidmad.gob.ec\/azuay\/\"},{\"@type\":\"ListItem\",\"position\":2,\"name\":\"Rendici\u00f3n de Cuentas 2019\"}]},{\"@type\":\"WebSite\",\"@id\":\"https:\/\/zhidmad.gob.ec\/azuay\/#website\",\"url\":\"https:\/\/zhidmad.gob.ec\/azuay\/\",\"name\":\"GAD Parroquial de Zhidmad\",\"description\":\"Sitio Oficial del GAD Parroquial Zhidmad Azuay\",\"publisher\":{\"@id\":\"https:\/\/zhidmad.gob.ec\/azuay\/#organization\"},\"potentialAction\":[{\"@type\":\"SearchAction\",\"target\":{\"@type\":\"EntryPoint\",\"urlTemplate\":\"https:\/\/zhidmad.gob.ec\/azuay\/?s={search_term_string}\"},\"query-input\":{\"@type\":\"PropertyValueSpecification\",\"valueRequired\":true,\"valueName\":\"search_term_string\"}}],\"inLanguage\":\"es\"},{\"@type\":\"Organization\",\"@id\":\"https:\/\/zhidmad.gob.ec\/azuay\/#organization\",\"name\":\"GAD Zhidmad\",\"url\":\"https:\/\/zhidmad.gob.ec\/azuay\/\",\"logo\":{\"@type\":\"ImageObject\",\"inLanguage\":\"es\",\"@id\":\"https:\/\/zhidmad.gob.ec\/azuay\/#\/schema\/logo\/image\/\",\"url\":\"https:\/\/zhidmad.gob.ec\/azuay\/wp-content\/uploads\/2020\/06\/logoFooter.png\",\"contentUrl\":\"https:\/\/zhidmad.gob.ec\/azuay\/wp-content\/uploads\/2020\/06\/logoFooter.png\",\"width\":200,\"height\":150,\"caption\":\"GAD Zhidmad\"},\"image\":{\"@id\":\"https:\/\/zhidmad.gob.ec\/azuay\/#\/schema\/logo\/image\/\"}}]}<\/script>\n<!-- \/ Yoast SEO plugin. -->","yoast_head_json":{"title":"Rendici\u00f3n de Cuentas 2019 - GAD Parroquial de Zhidmad","robots":{"index":"index","follow":"follow","max-snippet":"max-snippet:-1","max-image-preview":"max-image-preview:large","max-video-preview":"max-video-preview:-1"},"canonical":"https:\/\/zhidmad.gob.ec\/azuay\/rendicion-de-cuentas-2019\/","og_locale":"es_ES","og_type":"article","og_title":"Rendici\u00f3n de Cuentas 2019 - GAD Parroquial de Zhidmad","og_description":"ACTA RENDICION SESION DE RENDICION DE CUENTAS Gestion consorcio Aguarongo Gestion terrenos de Tari OFICIO DE APROBACION RENDICIION DE CUENTAS ACTA DE ENTREGA Y CONOCIMIENTO DE INFORME PRELIMINAR COMPROMISOS CIUDADANOS CONFORMACION EQUIPO MIXTO DOCUMENTO NARRATIVO rendici\u00f2n de cuentas A\u00d1O 2019 EVALUACION GESTION INSTITUCIONAL INFORME TECNICO-EONOMICO justificaci\u00f2n de no ejecuci\u00f2n de proyectos MEMORIA DE DELIBERACI\u00d2N 10-10-2020 [&hellip;]","og_url":"https:\/\/zhidmad.gob.ec\/azuay\/rendicion-de-cuentas-2019\/","og_site_name":"GAD Parroquial de Zhidmad","article_modified_time":"2020-11-26T16:00:38+00:00","twitter_card":"summary_large_image","twitter_misc":{"Tiempo de lectura":"1 minuto"},"schema":{"@context":"https:\/\/schema.org","@graph":[{"@type":"WebPage","@id":"https:\/\/zhidmad.gob.ec\/azuay\/rendicion-de-cuentas-2019\/","url":"https:\/\/zhidmad.gob.ec\/azuay\/rendicion-de-cuentas-2019\/","name":"Rendici\u00f3n de Cuentas 2019 - GAD Parroquial de Zhidmad","isPartOf":{"@id":"https:\/\/zhidmad.gob.ec\/azuay\/#website"},"datePublished":"2019-02-12T11:06:21+00:00","dateModified":"2020-11-26T16:00:38+00:00","breadcrumb":{"@id":"https:\/\/zhidmad.gob.ec\/azuay\/rendicion-de-cuentas-2019\/#breadcrumb"},"inLanguage":"es","potentialAction":[{"@type":"ReadAction","target":["https:\/\/zhidmad.gob.ec\/azuay\/rendicion-de-cuentas-2019\/"]}]},{"@type":"BreadcrumbList","@id":"https:\/\/zhidmad.gob.ec\/azuay\/rendicion-de-cuentas-2019\/#breadcrumb","itemListElement":[{"@type":"ListItem","position":1,"name":"Home","item":"https:\/\/zhidmad.gob.ec\/azuay\/"},{"@type":"ListItem","position":2,"name":"Rendici\u00f3n de Cuentas 2019"}]},{"@type":"WebSite","@id":"https:\/\/zhidmad.gob.ec\/azuay\/#website","url":"https:\/\/zhidmad.gob.ec\/azuay\/","name":"GAD Parroquial de Zhidmad","description":"Sitio Oficial del GAD Parroquial Zhidmad Azuay","publisher":{"@id":"https:\/\/zhidmad.gob.ec\/azuay\/#organization"},"potentialAction":[{"@type":"SearchAction","target":{"@type":"EntryPoint","urlTemplate":"https:\/\/zhidmad.gob.ec\/azuay\/?s={search_term_string}"},"query-input":{"@type":"PropertyValueSpecification","valueRequired":true,"valueName":"search_term_string"}}],"inLanguage":"es"},{"@type":"Organization","@id":"https:\/\/zhidmad.gob.ec\/azuay\/#organization","name":"GAD Zhidmad","url":"https:\/\/zhidmad.gob.ec\/azuay\/","logo":{"@type":"ImageObject","inLanguage":"es","@id":"https:\/\/zhidmad.gob.ec\/azuay\/#\/schema\/logo\/image\/","url":"https:\/\/zhidmad.gob.ec\/azuay\/wp-content\/uploads\/2020\/06\/logoFooter.png","contentUrl":"https:\/\/zhidmad.gob.ec\/azuay\/wp-content\/uploads\/2020\/06\/logoFooter.png","width":200,"height":150,"caption":"GAD Zhidmad"},"image":{"@id":"https:\/\/zhidmad.gob.ec\/azuay\/#\/schema\/logo\/image\/"}}]}},"_links":{"self":[{"href":"https:\/\/zhidmad.gob.ec\/azuay\/wp-json\/wp\/v2\/pages\/1281","targetHints":{"allow":["GET"]}}],"collection":[{"href":"https:\/\/zhidmad.gob.ec\/azuay\/wp-json\/wp\/v2\/pages"}],"about":[{"href":"https:\/\/zhidmad.gob.ec\/azuay\/wp-json\/wp\/v2\/types\/page"}],"author":[{"embeddable":true,"href":"https:\/\/zhidmad.gob.ec\/azuay\/wp-json\/wp\/v2\/users\/4"}],"replies":[{"embeddable":true,"href":"https:\/\/zhidmad.gob.ec\/azuay\/wp-json\/wp\/v2\/comments?post=1281"}],"version-history":[{"count":18,"href":"https:\/\/zhidmad.gob.ec\/azuay\/wp-json\/wp\/v2\/pages\/1281\/revisions"}],"predecessor-version":[{"id":1558,"href":"https:\/\/zhidmad.gob.ec\/azuay\/wp-json\/wp\/v2\/pages\/1281\/revisions\/1558"}],"wp:attachment":[{"href":"https:\/\/zhidmad.gob.ec\/azuay\/wp-json\/wp\/v2\/media?parent=1281"}],"curies":[{"name":"wp","href":"https:\/\/api.w.org\/{rel}","templated":true}]}}